{"id":981,"date":"2017-06-15T07:02:26","date_gmt":"2017-06-15T06:02:26","guid":{"rendered":"http:\/\/www.cipsl.com\/traduccion-jurada\/"},"modified":"2017-11-08T19:54:30","modified_gmt":"2017-11-08T19:54:30","slug":"traduction-assermentee","status":"publish","type":"page","link":"http:\/\/www.cipsl.com\/fr\/traduction-assermentee\/","title":{"rendered":"Traduction Asserment\u00e9e"},"content":{"rendered":"<p>[vc_row type=\u00a0\u00bbvc_default\u00a0\u00bb content_placement=\u00a0\u00bbmiddle\u00a0\u00bb][vc_column][vc_row_inner el_class=\u00a0\u00bbcip-subservices\u00a0\u00bb][vc_column_inner offset=\u00a0\u00bbvc_col-lg-offset-0 vc_col-lg-12 vc_col-md-offset-1 vc_col-md-10 vc_col-xs-offset-1 vc_col-xs-10&Prime;][vc_column_text]<\/p>\n<h1>TRADUCTION ASSERMENT\u00c9E<\/h1>\n<p>[\/vc_column_text][vc_empty_space height=\u00a0\u00bb70px\u00a0\u00bb][\/vc_column_inner][\/vc_row_inner][vc_row_inner][vc_column_inner width=\u00a0\u00bb5\/6&Prime; offset=\u00a0\u00bbvc_col-lg-offset-0 vc_col-lg-6 vc_col-md-offset-1 vc_col-md-10 vc_col-sm-offset-1 vc_col-xs-offset-1 vc_col-xs-10&Prime;][vc_column_text el_class=\u00a0\u00bbcip-featured-text\u00a0\u00bb]<\/p>\n<h3>Nous r\u00e9alisons des Traductions Asserment\u00e9es dans la quasi-totalit\u00e9 des langues les plus parl\u00e9es dans le monde.<\/h3>\n<div class=\"gap\" style=\"line-height: 20px; height: 20px;\"><\/div>\n<p>Nos traducteurs asserment\u00e9s,[\/vc_column_text][\/vc_column_inner][vc_column_inner width=\u00a0\u00bb5\/6&Prime; offset=\u00a0\u00bbvc_col-lg-offset-0 vc_col-lg-6 vc_col-md-offset-1 vc_col-md-10 vc_col-sm-offset-1 vc_col-xs-offset-1 vc_col-xs-10&Prime;][vc_column_text el_class=\u00a0\u00bbcip-featured-text\u00a0\u00bb]outre l\u2019homologation du Minist\u00e8re des Affaires \u00e9trang\u00e8res d\u2019Espagne, poss\u00e8dent l\u2019exp\u00e9rience et la sp\u00e9cialisation qui manque \u00e0 d\u2019autres prestataires. \u00c0 des prix comp\u00e9titifs. Essayez\u00a0![\/vc_column_text][\/vc_column_inner][\/vc_row_inner][vc_empty_space height=\u00a0\u00bb70px\u00a0\u00bb][vc_row_inner][vc_column_inner el_class=\u00a0\u00bbblock-technical\u00a0\u00bb width=\u00a0\u00bb5\/6&Prime; offset=\u00a0\u00bbvc_col-lg-offset-0 vc_col-lg-12 vc_col-md-offset-1 vc_col-md-10 vc_col-sm-offset-1 vc_col-xs-offset-1 vc_col-xs-10&Prime;][vc_column_text]Actes notari\u00e9s de tout type<br \/>\nDossiers universitaires<br \/>\nCertificats de casiers judiciaires<br \/>\nActes de naissance<br \/>\nActes de mariage<br \/>\nJugements de divorce\/s\u00e9paration\/adoption<br \/>\nContrats soci\u00e9taires<br \/>\nDocuments officiels[\/vc_column_text][\/vc_column_inner][\/vc_row_inner][vc_empty_space height=\u00a0\u00bb60px\u00a0\u00bb][\/vc_column][\/vc_row][vc_row type=\u00a0\u00bbvc_default\u00a0\u00bb full_width=\u00a0\u00bbstretch_row_content_no_spaces\u00a0\u00bb content_placement=\u00a0\u00bbtop\u00a0\u00bb margin_top=\u00a0\u00bb0&Prime; margin_bottom=\u00a0\u00bb0&Prime; full_width_row=\u00a0\u00bbtrue\u00a0\u00bb padding_left=\u00a0\u00bb0&Prime; padding_right=\u00a0\u00bb0&Prime; bg_type=\u00a0\u00bbbg_color\u00a0\u00bb bg_override=\u00a0\u00bbfull\u00a0\u00bb ult_hide_row=\u00a0\u00bbult_hide_row_value\u00a0\u00bb ult_hide_row_tablet_small=\u00a0\u00bbxs_tablet\u00a0\u00bb ult_hide_row_mobile=\u00a0\u00bbmobile\u00a0\u00bb ult_hide_row_mobile_large=\u00a0\u00bbxl_mobile\u00a0\u00bb mcw_fp_auto_height=\u00a0\u00bbresponsive\u00a0\u00bb min_height=\u00a0\u00bb60px\u00a0\u00bb css=\u00a0\u00bb.vc_custom_1501061282046{margin-bottom: 0px !important;padding-right: 30px !important;padding-left: 30px !important;}\u00a0\u00bb el_class=\u00a0\u00bbfooter-services\u00a0\u00bb][vc_column width=\u00a0\u00bb3\/12&Prime;][vc_row_inner equal_height=\u00a0\u00bbyes\u00a0\u00bb content_placement=\u00a0\u00bbmiddle\u00a0\u00bb][vc_column_inner][\/vc_column_inner][\/vc_row_inner][\/vc_column][vc_column width=\u00a0\u00bb9\/12&Prime;][vc_row_inner equal_height=\u00a0\u00bbyes\u00a0\u00bb content_placement=\u00a0\u00bbmiddle\u00a0\u00bb][vc_column_inner width=\u00a0\u00bb11\/12&Prime;][vc_raw_html el_class=\u00a0\u00bbmenu-services-fr\u00a0\u00bb]JTNDdWwlM0UlMEElM0NsaSUzRSUzQ2ElMjBocmVmJTNEJTIyaHR0cCUzQSUyRiUyRnd3dy5jaXBzbC5jb20lMkZmciUyRnRyYWR1Y3Rpb24lMkYlMjIlMjB0YXJnZXQlM0QlMjJfc2VsZiUyMiUzRVRyYWR1Y3Rpb24lM0MlMkZhJTNFJTNDJTJGbGklM0UlMEElM0NsaSUzRSUzQ2ElMjBocmVmJTNEJTIyaHR0cCUzQSUyRiUyRnd3dy5jaXBzbC5jb20lMkZmciUyRmludGVycHJldGF0aW9uJTJGJTIyJTIwdGFyZ2V0JTNEJTIyX3NlbGYlMjIlM0VJbnRlcnByJUMzJUE5dGF0aW9uJTNDJTJGYSUzRSUzQyUyRmxpJTNFJTBBJTNDbGklM0UlM0NhJTIwaHJlZiUzRCUyMmh0dHAlM0ElMkYlMkZ3d3cuY2lwc2wuY29tJTJGZnIlMkZ0cmFkdWN0aW9uLWFzc2VybWVudGVlJTJGJTIyJTIwdGFyZ2V0JTNEJTIyX3NlbGYlMjIlM0VUcmFkdWN0aW9uJTIwQXNzZXJtZW50JUMzJUE5ZSUzQyUyRmElM0UlM0MlMkZsaSUzRSUwQSUzQ2xpJTNFJTNDYSUyMGhyZWYlM0QlMjJodHRwJTNBJTJGJTJGd3d3LmNpcHNsLmNvbSUyRmZyJTJGYXV0cmVzLXNlcnZpY2VzLWxpbmd1aXN0aXF1ZXMlMkYlMjIlMjB0YXJnZXQlM0QlMjJfc2VsZiUyMiUzRUF1dHJlcyUyMHNlcnZpY2VzJTNDJTJGYSUzRSUzQyUyRmxpJTNFJTBBJTNDJTJGdWwlM0U=[\/vc_raw_html][\/vc_column_inner][vc_column_inner el_class=\u00a0\u00bbbutton-subservices\u00a0\u00bb width=\u00a0\u00bb1\/12&Prime;][vc_icon icon_fontawesome=\u00a0\u00bbfa fa-ellipsis-h\u00a0\u00bb color=\u00a0\u00bbcustom\u00a0\u00bb background_style=\u00a0\u00bbboxed\u00a0\u00bb background_color=\u00a0\u00bbwhite\u00a0\u00bb align=\u00a0\u00bbright\u00a0\u00bb custom_color=\u00a0\u00bb#191c31&Prime; el_id=\u00a0\u00bbshowmenu\u00a0\u00bb][\/vc_column_inner][\/vc_row_inner][\/vc_column][\/vc_row][vc_row type=\u00a0\u00bbvc_default\u00a0\u00bb bg_type=\u00a0\u00bbbg_color\u00a0\u00bb bg_override=\u00a0\u00bbfull\u00a0\u00bb ult_hide_row=\u00a0\u00bbult_hide_row_value\u00a0\u00bb ult_hide_row_large_screen=\u00a0\u00bblarge_screen\u00a0\u00bb ult_hide_row_desktop=\u00a0\u00bbdesktop\u00a0\u00bb ult_hide_row_tablet=\u00a0\u00bbtablet\u00a0\u00bb][vc_column offset=\u00a0\u00bbvc_col-lg-offset-0 vc_col-lg-12 vc_hidden-lg vc_col-md-offset-1 vc_col-md-10 vc_col-xs-offset-1 vc_col-xs-10&Prime;][vc_widget_sidebar show_bg=\u00a0\u00bbfalse\u00a0\u00bb sidebar_id=\u00a0\u00bbsidebar_4&Prime;][\/vc_column][\/vc_row][vc_row][vc_column][vc_empty_space height=\u00a0\u00bb50px\u00a0\u00bb][\/vc_column][\/vc_row]<\/p>\n","protected":false},"excerpt":{"rendered":"<p>[vc_row type=\u00a0\u00bbvc_default\u00a0\u00bb content_placement=\u00a0\u00bbmiddle\u00a0\u00bb][vc_column][vc_row_inner el_class=\u00a0\u00bbcip-subservices\u00a0\u00bb][vc_column_inner offset=\u00a0\u00bbvc_col-lg-offset-0 vc_col-lg-12 vc_col-md-offset-1 vc_col-md-10 vc_col-xs-offset-1 vc_col-xs-10&Prime;][vc_column_text] TRADUCTION ASSERMENT\u00c9E [\/vc_column_text][vc_empty_space height=\u00a0\u00bb70px\u00a0\u00bb][\/vc_column_inner][\/vc_row_inner][vc_row_inner][vc_column_inner width=\u00a0\u00bb5\/6&Prime; offset=\u00a0\u00bbvc_col-lg-offset-0 vc_col-lg-6 vc_col-md-offset-1 vc_col-md-10 vc_col-sm-offset-1 vc_col-xs-offset-1 vc_col-xs-10&Prime;][vc_column_text el_class=\u00a0\u00bbcip-featured-text\u00a0\u00bb] Nous r\u00e9alisons des Traductions Asserment\u00e9es dans la quasi-totalit\u00e9 des langues les plus parl\u00e9es dans le monde. Nos traducteurs asserment\u00e9s,[\/vc_column_text][\/vc_column_inner][vc_column_inner width=\u00a0\u00bb5\/6&Prime; offset=\u00a0\u00bbvc_col-lg-offset-0 vc_col-lg-6 vc_col-md-offset-1 vc_col-md-10 vc_col-sm-offset-1 vc_col-xs-offset-1 vc_col-xs-10&Prime;][vc_column_text el_class=\u00a0\u00bbcip-featured-text\u00a0\u00bb]outre l\u2019homologation du Minist\u00e8re des&hellip;<\/p>\n","protected":false},"author":1,"featured_media":0,"parent":0,"menu_order":0,"comment_status":"closed","ping_status":"closed","template":"","meta":[],"_links":{"self":[{"href":"http:\/\/www.cipsl.com\/fr\/wp-json\/wp\/v2\/pages\/981\/"}],"collection":[{"href":"http:\/\/www.cipsl.com\/fr\/wp-json\/wp\/v2\/pages\/"}],"about":[{"href":"http:\/\/www.cipsl.com\/fr\/wp-json\/wp\/v2\/types\/page\/"}],"author":[{"embeddable":true,"href":"http:\/\/www.cipsl.com\/fr\/wp-json\/wp\/v2\/users\/1\/"}],"replies":[{"embeddable":true,"href":"http:\/\/www.cipsl.com\/fr\/wp-json\/wp\/v2\/comments\/?post=981"}],"version-history":[{"count":0,"href":"http:\/\/www.cipsl.com\/fr\/wp-json\/wp\/v2\/pages\/981\/revisions\/"}],"wp:attachment":[{"href":"http:\/\/www.cipsl.com\/fr\/wp-json\/wp\/v2\/media\/?parent=981"}],"curies":[{"name":"wp","href":"https:\/\/api.w.org\/{rel}","templated":true}]}}