{"id":970,"date":"2017-03-13T16:33:27","date_gmt":"2017-03-13T16:33:27","guid":{"rendered":"http:\/\/www.cipsl.com\/sectores\/"},"modified":"2019-03-12T22:55:05","modified_gmt":"2019-03-12T21:55:05","slug":"secteurs","status":"publish","type":"page","link":"http:\/\/www.cipsl.com\/fr\/secteurs\/","title":{"rendered":"Secteurs"},"content":{"rendered":"<p>[vc_row type=\u00a0\u00bbvc_default\u00a0\u00bb full_width=\u00a0\u00bbstretch_row_content_no_spaces\u00a0\u00bb full_height=\u00a0\u00bbyes\u00a0\u00bb columns_placement=\u00a0\u00bbtop\u00a0\u00bb equal_height=\u00a0\u00bbyes\u00a0\u00bb content_placement=\u00a0\u00bbmiddle\u00a0\u00bb full_width_row=\u00a0\u00bbtrue\u00a0\u00bb el_class=\u00a0\u00bbcip-services-header\u00a0\u00bb][vc_column css=\u00a0\u00bb.vc_custom_1502171640954{background-image: url(http:\/\/www.cipsl.com\/wp-content\/uploads\/2017\/03\/sectores.jpg?id=490) !important;background-position: center !important;background-repeat: no-repeat !important;background-size: cover !important;}\u00a0\u00bb offset=\u00a0\u00bbvc_col-lg-offset-0 vc_col-lg-4 vc_col-md-offset-0 vc_col-md-4 vc_col-sm-offset-0 vc_col-xs-12&Prime;][vc_row_inner content_placement=\u00a0\u00bbtop\u00a0\u00bb el_class=\u00a0\u00bbcipservices-margins\u00a0\u00bb][vc_column_inner width=\u00a0\u00bb1\/2&Prime;][\/vc_column_inner][vc_column_inner width=\u00a0\u00bb5\/6&Prime; offset=\u00a0\u00bbvc_col-lg-offset-0 vc_col-lg-6 vc_col-md-offset-0 vc_col-md-6 vc_col-sm-offset-1 vc_col-xs-offset-1 vc_col-xs-10&Prime;][vc_column_text el_class=\u00a0\u00bbcip-title-services\u00a0\u00bb]<\/p>\n<h1 style=\"text-align: left;\">SECTEURS<\/h1>\n<p>[\/vc_column_text][\/vc_column_inner][\/vc_row_inner][\/vc_column][vc_column offset=\u00a0\u00bbvc_col-lg-offset-0 vc_col-lg-8 vc_col-md-offset-0 vc_col-md-8 vc_col-xs-12&Prime;][vc_row_inner content_placement=\u00a0\u00bbtop\u00a0\u00bb el_class=\u00a0\u00bbcipservices-margins\u00a0\u00bb][vc_column_inner width=\u00a0\u00bb1\/6&Prime; offset=\u00a0\u00bbvc_hidden-md\u00a0\u00bb][\/vc_column_inner][vc_column_inner el_class=\u00a0\u00bbcipservices-padding-top\u00a0\u00bb width=\u00a0\u00bb5\/6&Prime; offset=\u00a0\u00bbvc_col-lg-offset-0 vc_col-lg-6 vc_col-md-offset-2 vc_col-md-8 vc_col-sm-offset-1 vc_col-xs-offset-1 vc_col-xs-10&Prime;][vc_column_text el_class=\u00a0\u00bbcip-featured-text\u00a0\u00bb]<\/p>\n<h3>Nous connaissons votre secteur et ses besoins. Notre exp\u00e9rience et le savoir-faire de nos traducteurs professionnels vous faciliteront la t\u00e2che.<\/h3>\n<p>[\/vc_column_text][vc_empty_space height=\u00a0\u00bb30px\u00a0\u00bb][vc_column_text el_class=\u00a0\u00bbcip-featured-text\u00a0\u00bb]CIP dispose d&rsquo;une forte \u00e9quipe de linguistes professionnels ayant une solide exp\u00e9rience et un dipl\u00f4me universitaire. Ce sont des \u00e9conomistes, experts en marketing, ing\u00e9nieurs, journalistes, juristes, m\u00e9decins, p\u00e9dagogues, pharmaciens, psychologues, publicistes, v\u00e9t\u00e9rinaires, etc.<\/p>\n<p>Confiez vos documents \u00e0 des experts! L\u2019image de votre compagnie le m\u00e9rite.[\/vc_column_text][\/vc_column_inner][vc_column_inner el_class=\u00a0\u00bbhide-on-mobile\u00a0\u00bb offset=\u00a0\u00bbvc_col-lg-offset-0 vc_col-lg-4 vc_col-md-offset-0 vc_col-md-2 vc_col-sm-offset-0 vc_hidden-sm vc_col-xs-12 vc_hidden-xs\u00a0\u00bb][\/vc_column_inner][\/vc_row_inner][\/vc_column][\/vc_row][vc_row type=\u00a0\u00bbvc_default\u00a0\u00bb full_width=\u00a0\u00bbstretch_row_content_no_spaces\u00a0\u00bb content_placement=\u00a0\u00bbtop\u00a0\u00bb full_width_row=\u00a0\u00bbtrue\u00a0\u00bb padding_left=\u00a0\u00bb0&Prime; padding_right=\u00a0\u00bb0&Prime; mcw_fp_auto_height=\u00a0\u00bbresponsive\u00a0\u00bb][vc_column][vc_row_inner equal_height=\u00a0\u00bbyes\u00a0\u00bb content_placement=\u00a0\u00bbtop\u00a0\u00bb][vc_column_inner el_class=\u00a0\u00bbcip-services-box\u00a0\u00bb width=\u00a0\u00bb1\/3&Prime;]<div class=\"ult-new-ib ult-ib-effect-style13  ult-ib-resp ult-ib2-min-height \" data-min-width=\"768\" data-max-width=\"900\" style=\"background:#009aa6; opacity:0; \" data-opacity=\"1\" data-hover-opacity=\"0.4\"  data-min-height=\"223\" ><img class=\"ult-new-ib-img\" style=\"opacity:1;\" alt=\"null\" src=\"http:\/\/www.cipsl.com\/wp-content\/uploads\/2017\/03\/industria-2.jpg\"  data-min-height=\"223\"   \/><div id=\"interactive-banner-wrap-4736\" class=\"ult-new-ib-desc\" style=\"\"><h3 class=\"ult-new-ib-title ult-responsive\"  data-ultimate-target='#interactive-banner-wrap-4736 .ult-new-ib-title'  data-responsive-json-new='{\"font-size\":\"desktop:16px;\",\"line-height\":\"\"}'  style=\"font-family:&#039;Montserrat&#039;;font-weight:600;color:#ffffff;\">INDUSTRIE<\/h3><div class=\"ult-new-ib-content ult-responsive\"  data-ultimate-target='#interactive-banner-wrap-4736 .ult-new-ib-content'  data-responsive-json-new='{\"font-size\":\"desktop:16px;\",\"line-height\":\"\"}'  style=\"font-family:&#039;Montserrat&#039;;font-weight:normal;color:#ffffff;\"><p>M\u00e9canique, \u00e9nergies renouvelables, exploitation mini\u00e8re, graphiques, a\u00e9ronautique, vending<\/p><\/div><\/div><\/div><script type=\"text\/javascript\">\n\t\t\t(function($){\n\t\t\t\t$(document).ready(function(){\n\t\t\t\t\t$(\".ult-new-ib\").css(\"opacity\",\"1\");\n\t\t\t\t});\n\t\t\t})(jQuery);\n\t\t\t<\/script>[\/vc_column_inner][vc_column_inner el_class=\u00a0\u00bbcip-services-box\u00a0\u00bb width=\u00a0\u00bb1\/3&Prime;]<div class=\"ult-new-ib ult-ib-effect-style13  ult-ib-resp ult-ib2-min-height \" data-min-width=\"768\" data-max-width=\"900\" style=\"background:#009aa6; opacity:0; \" data-opacity=\"1\" data-hover-opacity=\"0.4\"  data-min-height=\"223\" ><img class=\"ult-new-ib-img\" style=\"opacity:1;\" alt=\"null\" src=\"http:\/\/www.cipsl.com\/wp-content\/uploads\/2017\/03\/salud-1.jpg\"  data-min-height=\"223\"   \/><div id=\"interactive-banner-wrap-2763\" class=\"ult-new-ib-desc\" style=\"\"><h3 class=\"ult-new-ib-title ult-responsive\"  data-ultimate-target='#interactive-banner-wrap-2763 .ult-new-ib-title'  data-responsive-json-new='{\"font-size\":\"desktop:16px;\",\"line-height\":\"\"}'  style=\"font-family:&#039;Montserrat&#039;;font-weight:600;color:#ffffff;\">SANT\u00c9 ET PHARMACOLOGIE<\/h3><div class=\"ult-new-ib-content ult-responsive\"  data-ultimate-target='#interactive-banner-wrap-2763 .ult-new-ib-content'  data-responsive-json-new='{\"font-size\":\"desktop:16px;\",\"line-height\":\"\"}'  style=\"font-family:&#039;Montserrat&#039;;font-weight:normal;color:#ffffff;\"><p>Pharmacie, appareils m\u00e9dicaux, sp\u00e9cialit\u00e9s m\u00e9dicales, notices pharmaceutiques, fiches techniques de m\u00e9dicaments, documents Compliance, rapports m\u00e9dicaux, technique chirurgicale<\/p><\/div><\/div><\/div><script type=\"text\/javascript\">\n\t\t\t(function($){\n\t\t\t\t$(document).ready(function(){\n\t\t\t\t\t$(\".ult-new-ib\").css(\"opacity\",\"1\");\n\t\t\t\t});\n\t\t\t})(jQuery);\n\t\t\t<\/script>[\/vc_column_inner][vc_column_inner el_class=\u00a0\u00bbcip-services-box\u00a0\u00bb width=\u00a0\u00bb1\/3&Prime;]<div class=\"ult-new-ib ult-ib-effect-style13  ult-ib-resp ult-ib2-min-height \" data-min-width=\"768\" data-max-width=\"900\" style=\"background:#009aa6; opacity:0; \" data-opacity=\"1\" data-hover-opacity=\"0.4\"  data-min-height=\"223\" ><img class=\"ult-new-ib-img\" style=\"opacity:1;\" alt=\"null\" src=\"http:\/\/www.cipsl.com\/wp-content\/uploads\/2017\/03\/juridico-1.jpg\"  data-min-height=\"223\"   \/><div id=\"interactive-banner-wrap-1874\" class=\"ult-new-ib-desc\" style=\"\"><h3 class=\"ult-new-ib-title ult-responsive\"  data-ultimate-target='#interactive-banner-wrap-1874 .ult-new-ib-title'  data-responsive-json-new='{\"font-size\":\"desktop:16px;\",\"line-height\":\"\"}'  style=\"font-family:&#039;Montserrat&#039;;font-weight:600;color:#ffffff;\">JURIDIQUE<\/h3><div class=\"ult-new-ib-content ult-responsive\"  data-ultimate-target='#interactive-banner-wrap-1874 .ult-new-ib-content'  data-responsive-json-new='{\"font-size\":\"desktop:16px;\",\"line-height\":\"\"}'  style=\"font-family:&#039;Montserrat&#039;;font-weight:normal;color:#ffffff;\"><p>Contrats, accords, actes, jugements, plaintes, r\u00e9clamations<\/p><\/div><\/div><\/div><script type=\"text\/javascript\">\n\t\t\t(function($){\n\t\t\t\t$(document).ready(function(){\n\t\t\t\t\t$(\".ult-new-ib\").css(\"opacity\",\"1\");\n\t\t\t\t});\n\t\t\t})(jQuery);\n\t\t\t<\/script>[\/vc_column_inner][\/vc_row_inner][vc_row_inner content_placement=\u00a0\u00bbtop\u00a0\u00bb][vc_column_inner el_class=\u00a0\u00bbcip-services-box\u00a0\u00bb width=\u00a0\u00bb1\/3&Prime;]<div class=\"ult-new-ib ult-ib-effect-style13  ult-ib-resp ult-ib2-min-height \" data-min-width=\"768\" data-max-width=\"900\" style=\"background:#009aa6; opacity:0; \" data-opacity=\"1\" data-hover-opacity=\"0.4\"  data-min-height=\"223\" ><img class=\"ult-new-ib-img\" style=\"opacity:1;\" alt=\"null\" src=\"http:\/\/www.cipsl.com\/wp-content\/uploads\/2017\/03\/financiero-1.jpg\"  data-min-height=\"223\"   \/><div id=\"interactive-banner-wrap-9068\" class=\"ult-new-ib-desc\" style=\"\"><h3 class=\"ult-new-ib-title ult-responsive\"  data-ultimate-target='#interactive-banner-wrap-9068 .ult-new-ib-title'  data-responsive-json-new='{\"font-size\":\"desktop:16px;\",\"line-height\":\"\"}'  style=\"font-family:&#039;Montserrat&#039;;font-weight:600;color:#ffffff;\">FINANCIER<\/h3><div class=\"ult-new-ib-content ult-responsive\"  data-ultimate-target='#interactive-banner-wrap-9068 .ult-new-ib-content'  data-responsive-json-new='{\"font-size\":\"desktop:16px;\",\"line-height\":\"\"}'  style=\"font-family:&#039;Montserrat&#039;;font-weight:normal;color:#ffffff;\"><p>Banque priv\u00e9e, investissements, contrats, services bancaires, bourse et valeurs, gestion patrimoniale<\/p><\/div><\/div><\/div><script type=\"text\/javascript\">\n\t\t\t(function($){\n\t\t\t\t$(document).ready(function(){\n\t\t\t\t\t$(\".ult-new-ib\").css(\"opacity\",\"1\");\n\t\t\t\t});\n\t\t\t})(jQuery);\n\t\t\t<\/script>[\/vc_column_inner][vc_column_inner el_class=\u00a0\u00bbcip-services-box\u00a0\u00bb width=\u00a0\u00bb1\/3&Prime;]<div class=\"ult-new-ib ult-ib-effect-style13  ult-ib-resp ult-ib2-min-height \" data-min-width=\"768\" data-max-width=\"900\" style=\"background:#009aa6; opacity:0; \" data-opacity=\"1\" data-hover-opacity=\"0.4\"  data-min-height=\"223\" ><img class=\"ult-new-ib-img\" style=\"opacity:1;\" alt=\"null\" src=\"http:\/\/www.cipsl.com\/wp-content\/uploads\/2017\/03\/empresas-1.jpg\"  data-min-height=\"223\"   \/><div id=\"interactive-banner-wrap-9183\" class=\"ult-new-ib-desc\" style=\"\"><h3 class=\"ult-new-ib-title ult-responsive\"  data-ultimate-target='#interactive-banner-wrap-9183 .ult-new-ib-title'  data-responsive-json-new='{\"font-size\":\"desktop:16px;\",\"line-height\":\"\"}'  style=\"font-family:&#039;Montserrat&#039;;font-weight:600;color:#ffffff;\">ENTREPRISES<\/h3><div class=\"ult-new-ib-content ult-responsive\"  data-ultimate-target='#interactive-banner-wrap-9183 .ult-new-ib-content'  data-responsive-json-new='{\"font-size\":\"desktop:16px;\",\"line-height\":\"\"}'  style=\"font-family:&#039;Montserrat&#039;;font-weight:normal;color:#ffffff;\"><p>Bilans, m\u00e9moires, contrats, qualit\u00e9, production, ressources humaines, marketing, internationalisation<\/p><\/div><\/div><\/div><script type=\"text\/javascript\">\n\t\t\t(function($){\n\t\t\t\t$(document).ready(function(){\n\t\t\t\t\t$(\".ult-new-ib\").css(\"opacity\",\"1\");\n\t\t\t\t});\n\t\t\t})(jQuery);\n\t\t\t<\/script>[\/vc_column_inner][vc_column_inner el_class=\u00a0\u00bbcip-services-box\u00a0\u00bb width=\u00a0\u00bb1\/3&Prime;]<div class=\"ult-new-ib ult-ib-effect-style13  ult-ib-resp ult-ib2-min-height \" data-min-width=\"768\" data-max-width=\"900\" style=\"background:#009aa6; opacity:0; \" data-opacity=\"1\" data-hover-opacity=\"0.4\"  data-min-height=\"223\" ><img class=\"ult-new-ib-img\" style=\"opacity:1;\" alt=\"null\" src=\"http:\/\/www.cipsl.com\/wp-content\/uploads\/2017\/03\/software-1.jpg\"  data-min-height=\"223\"   \/><div id=\"interactive-banner-wrap-6628\" class=\"ult-new-ib-desc\" style=\"\"><h3 class=\"ult-new-ib-title ult-responsive\"  data-ultimate-target='#interactive-banner-wrap-6628 .ult-new-ib-title'  data-responsive-json-new='{\"font-size\":\"desktop:16px;\",\"line-height\":\"\"}'  style=\"font-family:&#039;Montserrat&#039;;font-weight:600;color:#ffffff;\">SOFTWARE<\/h3><div class=\"ult-new-ib-content ult-responsive\"  data-ultimate-target='#interactive-banner-wrap-6628 .ult-new-ib-content'  data-responsive-json-new='{\"font-size\":\"desktop:16px;\",\"line-height\":\"\"}'  style=\"font-family:&#039;Montserrat&#039;;font-weight:normal;color:#ffffff;\"><p>Pages web, programmes, applications, cybers\u00e9curit\u00e9, documents d\u2019utilisateur, localisation<\/p><\/div><\/div><\/div><script type=\"text\/javascript\">\n\t\t\t(function($){\n\t\t\t\t$(document).ready(function(){\n\t\t\t\t\t$(\".ult-new-ib\").css(\"opacity\",\"1\");\n\t\t\t\t});\n\t\t\t})(jQuery);\n\t\t\t<\/script>[\/vc_column_inner][\/vc_row_inner][vc_row_inner content_placement=\u00a0\u00bbtop\u00a0\u00bb][vc_column_inner el_class=\u00a0\u00bbcip-services-box\u00a0\u00bb width=\u00a0\u00bb1\/3&Prime;]<div class=\"ult-new-ib ult-ib-effect-style13  ult-ib-resp ult-ib2-min-height \" data-min-width=\"768\" data-max-width=\"900\" style=\"background:#009aa6; opacity:0; \" data-opacity=\"1\" data-hover-opacity=\"0.4\"  data-min-height=\"223\" ><img class=\"ult-new-ib-img\" style=\"opacity:1;\" alt=\"null\" src=\"http:\/\/www.cipsl.com\/wp-content\/uploads\/2017\/03\/educacion-1.jpg\"  data-min-height=\"223\"   \/><div id=\"interactive-banner-wrap-3656\" class=\"ult-new-ib-desc\" style=\"\"><h3 class=\"ult-new-ib-title ult-responsive\"  data-ultimate-target='#interactive-banner-wrap-3656 .ult-new-ib-title'  data-responsive-json-new='{\"font-size\":\"desktop:16px;\",\"line-height\":\"\"}'  style=\"font-family:&#039;Montserrat&#039;;font-weight:600;color:#ffffff;\">\u00c9DUCATION<\/h3><div class=\"ult-new-ib-content ult-responsive\"  data-ultimate-target='#interactive-banner-wrap-3656 .ult-new-ib-content'  data-responsive-json-new='{\"font-size\":\"desktop:16px;\",\"line-height\":\"\"}'  style=\"font-family:&#039;Montserrat&#039;;font-weight:normal;color:#ffffff;\"><p>Conventions, dipl\u00f4mes, dossiers acad\u00e9miques, mat\u00e9riels \u00e9ducatifs et d\u2019apprentissage, programmes de formation<\/p><\/div><\/div><\/div><script type=\"text\/javascript\">\n\t\t\t(function($){\n\t\t\t\t$(document).ready(function(){\n\t\t\t\t\t$(\".ult-new-ib\").css(\"opacity\",\"1\");\n\t\t\t\t});\n\t\t\t})(jQuery);\n\t\t\t<\/script>[\/vc_column_inner][vc_column_inner el_class=\u00a0\u00bbcip-services-box\u00a0\u00bb width=\u00a0\u00bb1\/3&Prime;]<div class=\"ult-new-ib ult-ib-effect-style13  ult-ib-resp ult-ib2-min-height \" data-min-width=\"768\" data-max-width=\"900\" style=\"background:#009aa6; opacity:0; \" data-opacity=\"1\" data-hover-opacity=\"0.4\"  data-min-height=\"223\" ><img class=\"ult-new-ib-img\" style=\"opacity:1;\" alt=\"null\" src=\"http:\/\/www.cipsl.com\/wp-content\/uploads\/2017\/03\/administraciones-publicas-1.jpg\"  data-min-height=\"223\"   \/><div id=\"interactive-banner-wrap-6468\" class=\"ult-new-ib-desc\" style=\"\"><h3 class=\"ult-new-ib-title ult-responsive\"  data-ultimate-target='#interactive-banner-wrap-6468 .ult-new-ib-title'  data-responsive-json-new='{\"font-size\":\"desktop:16px;\",\"line-height\":\"\"}'  style=\"font-family:&#039;Montserrat&#039;;font-weight:600;color:#ffffff;\">ADMINISTRATIONS PUBLIQUES<\/h3><div class=\"ult-new-ib-content ult-responsive\"  data-ultimate-target='#interactive-banner-wrap-6468 .ult-new-ib-content'  data-responsive-json-new='{\"font-size\":\"desktop:16px;\",\"line-height\":\"\"}'  style=\"font-family:&#039;Montserrat&#039;;font-weight:normal;color:#ffffff;\"><p>Programmes europ\u00e9ens, concours, march\u00e9s publics, mat\u00e9riel promotionnel, conventions, bulletins, jumelages internationaux<\/p><\/div><\/div><\/div><script type=\"text\/javascript\">\n\t\t\t(function($){\n\t\t\t\t$(document).ready(function(){\n\t\t\t\t\t$(\".ult-new-ib\").css(\"opacity\",\"1\");\n\t\t\t\t});\n\t\t\t})(jQuery);\n\t\t\t<\/script>[\/vc_column_inner][vc_column_inner el_class=\u00a0\u00bbcip-services-box\u00a0\u00bb width=\u00a0\u00bb1\/3&Prime;]<div class=\"ult-new-ib ult-ib-effect-style13  ult-ib-resp ult-ib2-min-height \" data-min-width=\"768\" data-max-width=\"900\" style=\"background:#009aa6; opacity:0; \" data-opacity=\"1\" data-hover-opacity=\"0.4\"  data-min-height=\"223\" ><img class=\"ult-new-ib-img\" style=\"opacity:1;\" alt=\"null\" src=\"http:\/\/www.cipsl.com\/wp-content\/uploads\/2017\/03\/ingenieria-1.jpg\"  data-min-height=\"223\"   \/><div id=\"interactive-banner-wrap-5745\" class=\"ult-new-ib-desc\" style=\"\"><h3 class=\"ult-new-ib-title ult-responsive\"  data-ultimate-target='#interactive-banner-wrap-5745 .ult-new-ib-title'  data-responsive-json-new='{\"font-size\":\"desktop:16px;\",\"line-height\":\"\"}'  style=\"font-family:&#039;Montserrat&#039;;font-weight:600;color:#ffffff;\">ING\u00c9NIERIE<\/h3><div class=\"ult-new-ib-content ult-responsive\"  data-ultimate-target='#interactive-banner-wrap-5745 .ult-new-ib-content'  data-responsive-json-new='{\"font-size\":\"desktop:16px;\",\"line-height\":\"\"}'  style=\"font-family:&#039;Montserrat&#039;;font-weight:normal;color:#ffffff;\"><p>Projets, conceptions, plans, devis techniques, essais, documents techniques<\/p><\/div><\/div><\/div><script type=\"text\/javascript\">\n\t\t\t(function($){\n\t\t\t\t$(document).ready(function(){\n\t\t\t\t\t$(\".ult-new-ib\").css(\"opacity\",\"1\");\n\t\t\t\t});\n\t\t\t})(jQuery);\n\t\t\t<\/script>[\/vc_column_inner][\/vc_row_inner][\/vc_column][\/vc_row][vc_row type=\u00a0\u00bbvc_default\u00a0\u00bb content_placement=\u00a0\u00bbtop\u00a0\u00bb mcw_fp_auto_height=\u00a0\u00bbresponsive\u00a0\u00bb][vc_column][vc_empty_space height=\u00a0\u00bb75px\u00a0\u00bb][vc_row_inner content_placement=\u00a0\u00bbtop\u00a0\u00bb][vc_column_inner width=\u00a0\u00bb5\/6&Prime; offset=\u00a0\u00bbvc_col-lg-offset-0 vc_col-lg-6 vc_col-md-offset-0 vc_col-md-12 vc_col-sm-offset-1 vc_col-xs-offset-1 vc_col-xs-10&Prime;][vc_column_text]<\/p>\n<h1>LANGUES<\/h1>\n<p>[\/vc_column_text][\/vc_column_inner][vc_column_inner width=\u00a0\u00bb1\/2&Prime;][\/vc_column_inner][\/vc_row_inner][vc_empty_space height=\u00a0\u00bb30px\u00a0\u00bb][vc_row_inner content_placement=\u00a0\u00bbtop\u00a0\u00bb][vc_column_inner width=\u00a0\u00bb5\/6&Prime; offset=\u00a0\u00bbvc_col-lg-offset-0 vc_col-lg-12 vc_col-md-offset-0 vc_col-md-12 vc_col-sm-offset-1 vc_col-xs-offset-1 vc_col-xs-10&Prime;][vc_column_text el_class=\u00a0\u00bbcip-featured-text\u00a0\u00bb]Peu importe la langue cible.\u00a0Nos plus de 30 ans d\u2019exp\u00e9rience, certifi\u00e9s depuis 2003 \u00a0par AENOR selon la norme ISO 9001:2015, avalisent notre capacit\u00e9 pour g\u00e9rer toute sorte de projet. Nous sommes \u00e0 votre disposition.<\/p>\n<p>[\/vc_column_text][\/vc_column_inner][\/vc_row_inner][vc_empty_space height=\u00a0\u00bb30px\u00a0\u00bb][vc_row_inner content_placement=\u00a0\u00bbtop\u00a0\u00bb][vc_column_inner width=\u00a0\u00bb5\/6&Prime; offset=\u00a0\u00bbvc_col-lg-offset-0 vc_col-lg-6 vc_col-md-offset-0 vc_col-md-6 vc_col-sm-offset-1 vc_col-xs-offset-1 vc_col-xs-10&Prime;][vc_column_text]<span class=\"cip-featured\">Langues europ\u00e9ennes:<\/span> anglais, fran\u00e7ais, allemand, espagnol, basque, catalan, galicien, italien, portugais, hollandais, danois, su\u00e9dois, finlandais, norv\u00e9gien, grec, russe, polonais, ch\u00e8que, slovaque, bulgare, roumain, slov\u00e8ne, croate, serbe, turc, bi\u00e9lorusse, ukrainien, lituanien, entre autres.[\/vc_column_text][vc_empty_space height=\u00a0\u00bb20px\u00a0\u00bb][\/vc_column_inner][vc_column_inner width=\u00a0\u00bb5\/6&Prime; offset=\u00a0\u00bbvc_col-lg-offset-0 vc_col-lg-6 vc_col-md-offset-0 vc_col-md-6 vc_col-sm-offset-1 vc_col-xs-offset-1 vc_col-xs-10&Prime;][vc_column_text]<span class=\"cip-featured\">Autres langues:\u00a0<\/span>arabe, h\u00e9breu, farsi, anglais am\u00e9ricain, fran\u00e7ais canadien, espagnol mexicain, espagnol latino-am\u00e9ricain, portugais br\u00e9silien, japonais, chinois, cor\u00e9en, tha\u00eflandais, indon\u00e9sien, malaisien, hindou, tagalog, vietnamien, entre autres.[\/vc_column_text][vc_empty_space height=\u00a0\u00bb20px\u00a0\u00bb][\/vc_column_inner][\/vc_row_inner][\/vc_column][\/vc_row][vc_row][vc_column][vc_empty_space height=\u00a0\u00bb70px\u00a0\u00bb][\/vc_column][\/vc_row]<\/p>\n","protected":false},"excerpt":{"rendered":"<p>[vc_row type=\u00a0\u00bbvc_default\u00a0\u00bb full_width=\u00a0\u00bbstretch_row_content_no_spaces\u00a0\u00bb full_height=\u00a0\u00bbyes\u00a0\u00bb columns_placement=\u00a0\u00bbtop\u00a0\u00bb equal_height=\u00a0\u00bbyes\u00a0\u00bb content_placement=\u00a0\u00bbmiddle\u00a0\u00bb full_width_row=\u00a0\u00bbtrue\u00a0\u00bb el_class=\u00a0\u00bbcip-services-header\u00a0\u00bb][vc_column css=\u00a0\u00bb.vc_custom_1502171640954{background-image: url(http:\/\/www.cipsl.com\/wp-content\/uploads\/2017\/03\/sectores.jpg?id=490) !important;background-position: center !important;background-repeat: no-repeat !important;background-size: cover !important;}\u00a0\u00bb offset=\u00a0\u00bbvc_col-lg-offset-0 vc_col-lg-4 vc_col-md-offset-0 vc_col-md-4 vc_col-sm-offset-0 vc_col-xs-12&Prime;][vc_row_inner content_placement=\u00a0\u00bbtop\u00a0\u00bb el_class=\u00a0\u00bbcipservices-margins\u00a0\u00bb][vc_column_inner width=\u00a0\u00bb1\/2&Prime;][\/vc_column_inner][vc_column_inner width=\u00a0\u00bb5\/6&Prime; offset=\u00a0\u00bbvc_col-lg-offset-0 vc_col-lg-6 vc_col-md-offset-0 vc_col-md-6 vc_col-sm-offset-1 vc_col-xs-offset-1 vc_col-xs-10&Prime;][vc_column_text el_class=\u00a0\u00bbcip-title-services\u00a0\u00bb] SECTEURS [\/vc_column_text][\/vc_column_inner][\/vc_row_inner][\/vc_column][vc_column offset=\u00a0\u00bbvc_col-lg-offset-0 vc_col-lg-8 vc_col-md-offset-0 vc_col-md-8 vc_col-xs-12&Prime;][vc_row_inner content_placement=\u00a0\u00bbtop\u00a0\u00bb el_class=\u00a0\u00bbcipservices-margins\u00a0\u00bb][vc_column_inner width=\u00a0\u00bb1\/6&Prime; offset=\u00a0\u00bbvc_hidden-md\u00a0\u00bb][\/vc_column_inner][vc_column_inner el_class=\u00a0\u00bbcipservices-padding-top\u00a0\u00bb width=\u00a0\u00bb5\/6&Prime; offset=\u00a0\u00bbvc_col-lg-offset-0 vc_col-lg-6 vc_col-md-offset-2 vc_col-md-8 vc_col-sm-offset-1 vc_col-xs-offset-1&hellip;<\/p>\n","protected":false},"author":1,"featured_media":0,"parent":0,"menu_order":0,"comment_status":"closed","ping_status":"closed","template":"","meta":[],"_links":{"self":[{"href":"http:\/\/www.cipsl.com\/fr\/wp-json\/wp\/v2\/pages\/970\/"}],"collection":[{"href":"http:\/\/www.cipsl.com\/fr\/wp-json\/wp\/v2\/pages\/"}],"about":[{"href":"http:\/\/www.cipsl.com\/fr\/wp-json\/wp\/v2\/types\/page\/"}],"author":[{"embeddable":true,"href":"http:\/\/www.cipsl.com\/fr\/wp-json\/wp\/v2\/users\/1\/"}],"replies":[{"embeddable":true,"href":"http:\/\/www.cipsl.com\/fr\/wp-json\/wp\/v2\/comments\/?post=970"}],"version-history":[{"count":1,"href":"http:\/\/www.cipsl.com\/fr\/wp-json\/wp\/v2\/pages\/970\/revisions\/"}],"predecessor-version":[{"id":1838,"href":"http:\/\/www.cipsl.com\/fr\/wp-json\/wp\/v2\/pages\/970\/revisions\/1838\/"}],"wp:attachment":[{"href":"http:\/\/www.cipsl.com\/fr\/wp-json\/wp\/v2\/media\/?parent=970"}],"curies":[{"name":"wp","href":"https:\/\/api.w.org\/{rel}","templated":true}]}}