{"id":954,"date":"2017-03-13T09:42:35","date_gmt":"2017-03-13T09:42:35","guid":{"rendered":"http:\/\/www.cipsl.com\/servicios\/"},"modified":"2019-03-13T20:38:45","modified_gmt":"2019-03-13T19:38:45","slug":"services","status":"publish","type":"page","link":"http:\/\/www.cipsl.com\/fr\/services\/","title":{"rendered":"Services"},"content":{"rendered":"<p>[vc_row type=\u00a0\u00bbvc_default\u00a0\u00bb full_width=\u00a0\u00bbstretch_row_content_no_spaces\u00a0\u00bb equal_height=\u00a0\u00bbyes\u00a0\u00bb content_placement=\u00a0\u00bbtop\u00a0\u00bb full_width_row=\u00a0\u00bbtrue\u00a0\u00bb el_class=\u00a0\u00bbcip-services-header\u00a0\u00bb][vc_column css=\u00a0\u00bb.vc_custom_1502174084409{background-image: url(http:\/\/www.cipsl.com\/wp-content\/uploads\/2017\/03\/servicios-1.jpg?id=885) !important;background-position: center !important;background-repeat: no-repeat !important;background-size: cover !important;}\u00a0\u00bb offset=\u00a0\u00bbvc_col-lg-offset-0 vc_col-lg-4 vc_col-md-offset-0 vc_col-md-4 vc_col-sm-offset-0 vc_col-xs-12&Prime;][vc_row_inner content_placement=\u00a0\u00bbtop\u00a0\u00bb el_class=\u00a0\u00bbcipservices-margins\u00a0\u00bb][vc_column_inner width=\u00a0\u00bb1\/2&Prime;][\/vc_column_inner][vc_column_inner width=\u00a0\u00bb5\/6&Prime; offset=\u00a0\u00bbvc_col-md-offset-0 vc_col-md-6 vc_col-sm-offset-1 vc_col-xs-12&Prime;][vc_column_text el_class=\u00a0\u00bbcip-title-services\u00a0\u00bb]<\/p>\n<h1 style=\"text-align: left;\"><span style=\"color: #ffffff;\">SERVICES<\/span><\/h1>\n<p>[\/vc_column_text][\/vc_column_inner][\/vc_row_inner][\/vc_column][vc_column offset=\u00a0\u00bbvc_col-lg-offset-0 vc_col-lg-8 vc_col-md-offset-0 vc_col-md-8 vc_col-sm-offset-0 vc_col-xs-12&Prime;][vc_row_inner content_placement=\u00a0\u00bbtop\u00a0\u00bb el_class=\u00a0\u00bbcipservices-margins\u00a0\u00bb][vc_column_inner width=\u00a0\u00bb1\/6&Prime; offset=\u00a0\u00bbvc_hidden-md\u00a0\u00bb][\/vc_column_inner][vc_column_inner el_class=\u00a0\u00bbcipservices-padding-top\u00a0\u00bb width=\u00a0\u00bb5\/6&Prime; offset=\u00a0\u00bbvc_col-lg-offset-0 vc_col-lg-6 vc_col-md-offset-2 vc_col-md-8 vc_col-sm-offset-1 vc_col-xs-offset-1 vc_col-xs-10&Prime;][vc_column_text el_class=\u00a0\u00bbcip-featured-text\u00a0\u00bb]<\/p>\n<h3>La communication internationale est aujourd\u2019hui la base de toute activit\u00e9 entrepreneuriale. Une compr\u00e9hension parfaite, sans heurts, garantit le succ\u00e8s de ses actions.<\/h3>\n<p>[\/vc_column_text][vc_empty_space height=\u00a0\u00bb30px\u00a0\u00bb][vc_column_text el_class=\u00a0\u00bbcip-featured-text\u00a0\u00bb]Centro de Idiomas para Profesionales vous offre les outils adapt\u00e9s pour communiquer avec vos clients et fournisseurs sans ambigu\u00eft\u00e9s, clairement.<\/p>\n<p>Un simple malentendu peut vous co\u00fbter tr\u00e8s cher.<\/p>\n<p>Confiez-nous vos gestions t\u00e9l\u00e9phoniques ou \u00e9lectroniques avec vos clients ou fournisseurs \u00e9trangers, ainsi que la traduction de votre documentation vers les langues des pays cibles. Prenez de l&rsquo;avance sur vos concurrents pour aller plus loin.[\/vc_column_text][\/vc_column_inner][vc_column_inner width=\u00a0\u00bb2\/6&Prime;][\/vc_column_inner][\/vc_row_inner][\/vc_column][\/vc_row][vc_row type=\u00a0\u00bbvc_default\u00a0\u00bb full_width=\u00a0\u00bbstretch_row_content_no_spaces\u00a0\u00bb content_placement=\u00a0\u00bbtop\u00a0\u00bb full_width_row=\u00a0\u00bbtrue\u00a0\u00bb padding_left=\u00a0\u00bb0&Prime; padding_right=\u00a0\u00bb0&Prime; mcw_fp_auto_height=\u00a0\u00bbresponsive\u00a0\u00bb][vc_column][vc_row_inner content_placement=\u00a0\u00bbmiddle\u00a0\u00bb][vc_column_inner el_class=\u00a0\u00bbcip-services-box cip-services-box-1&Prime; width=\u00a0\u00bb1\/2&Prime; offset=\u00a0\u00bbvc_col-lg-offset-0 vc_col-lg-3 vc_col-md-offset-0 vc_col-md-3 vc_col-sm-offset-0 vc_col-xs-12&Prime;]<div id=\"highlight-box-wrap-8166\"  data-ultimate-target='#highlight-box-wrap-8166'  data-responsive-json-new='{\"font-size\":\"desktop:32px;\",\"line-height\":\"\"}'  class=\"ultimate-call-to-action ult-adjust-bottom-margin  ctaction-text-center ult-responsive\" style=\"font-weight:normal;color:#ffffff;background:#191c31;padding-top:130px;padding-bottom:130px;padding-left:20px;padding-right:20px;\"  data-background=\"#191c31\"  data-background-hover=\"#191c31\"  data-override=\"0\" ><div class=\"uvc-ctaction-data uvc-ctaction-data-no-effect ult-responsive\"><\/p>\n<h5><span style=\"color: #ffffff;\">TRADUCTION<\/span><\/h5>\n<p><\/div><a class=\"ulimate-call-to-action-link\" href=\"http:\/\/www.cipsl.com\/fr\/traduction\/\" ><\/a><\/div>[\/vc_column_inner][vc_column_inner el_class=\u00a0\u00bbcip-services-box cip-services-box-2&Prime; width=\u00a0\u00bb1\/2&Prime; offset=\u00a0\u00bbvc_col-lg-offset-0 vc_col-lg-3 vc_col-md-offset-0 vc_col-md-3 vc_col-sm-offset-0 vc_col-xs-12&Prime;]<div id=\"highlight-box-wrap-8212\"  data-ultimate-target='#highlight-box-wrap-8212'  data-responsive-json-new='{\"font-size\":\"desktop:32px;\",\"line-height\":\"\"}'  class=\"ultimate-call-to-action ult-adjust-bottom-margin  ctaction-text-center ult-responsive\" style=\"font-weight:normal;color:#ffffff;background:#191c31;padding-top:130px;padding-bottom:130px;padding-left:20px;padding-right:20px;\"  data-background=\"#191c31\"  data-background-hover=\"#191c31\"  data-override=\"0\" ><div class=\"uvc-ctaction-data uvc-ctaction-data-no-effect ult-responsive\"><\/p>\n<h5><span style=\"color: #ffffff;\">INTERPR\u00c9TATION<\/span><\/h5>\n<p><\/div><a class=\"ulimate-call-to-action-link\" href=\"http:\/\/www.cipsl.com\/fr\/interpretation\/\" ><\/a><\/div>[\/vc_column_inner][vc_column_inner el_class=\u00a0\u00bbcip-services-box cip-services-box-fr-3&Prime; width=\u00a0\u00bb1\/2&Prime; offset=\u00a0\u00bbvc_col-lg-offset-0 vc_col-lg-3 vc_col-md-offset-0 vc_col-md-3 vc_col-sm-offset-0 vc_col-xs-12&Prime;]<div id=\"highlight-box-wrap-5634\"  data-ultimate-target='#highlight-box-wrap-5634'  data-responsive-json-new='{\"font-size\":\"desktop:32px;\",\"line-height\":\"\"}'  class=\"ultimate-call-to-action ult-adjust-bottom-margin  ctaction-text-center ult-responsive\" style=\"font-weight:normal;color:#ffffff;background:#191c31;padding-top:130px;padding-bottom:130px;padding-left:20px;padding-right:20px;\"  data-background=\"#191c31\"  data-background-hover=\"#191c31\"  data-override=\"0\" ><div class=\"uvc-ctaction-data uvc-ctaction-data-no-effect ult-responsive\"><\/p>\n<h5><span style=\"color: #ffffff;\">TRADUCTION ASSERMENT\u00c9E<\/span><\/h5>\n<p><\/div><a class=\"ulimate-call-to-action-link\" href=\"http:\/\/www.cipsl.com\/fr\/traduction-assermentee\/\" ><\/a><\/div>[\/vc_column_inner][vc_column_inner el_class=\u00a0\u00bbcip-services-box cip-services-box-4&Prime; width=\u00a0\u00bb1\/2&Prime; offset=\u00a0\u00bbvc_col-lg-offset-0 vc_col-lg-3 vc_col-md-offset-0 vc_col-md-3 vc_col-sm-offset-0 vc_col-xs-12&Prime;]<div id=\"highlight-box-wrap-5465\"  data-ultimate-target='#highlight-box-wrap-5465'  data-responsive-json-new='{\"font-size\":\"desktop:32px;\",\"line-height\":\"\"}'  class=\"ultimate-call-to-action ult-adjust-bottom-margin  ctaction-text-center ult-responsive\" style=\"font-weight:normal;color:#ffffff;background:#191c31;padding-top:130px;padding-bottom:130px;padding-left:20px;padding-right:20px;\"  data-background=\"#191c31\"  data-background-hover=\"#191c31\"  data-override=\"0\" ><div class=\"uvc-ctaction-data uvc-ctaction-data-no-effect ult-responsive\"><\/p>\n<h5><span style=\"color: #ffffff;\">AUTRES SERVICES<\/span><\/h5>\n<p><\/div><a class=\"ulimate-call-to-action-link\" href=\"http:\/\/www.cipsl.com\/fr\/autres-services-linguistiques\/\" ><\/a><\/div>[\/vc_column_inner][\/vc_row_inner][\/vc_column][\/vc_row][vc_row type=\u00a0\u00bbvc_default\u00a0\u00bb content_placement=\u00a0\u00bbtop\u00a0\u00bb mcw_fp_auto_height=\u00a0\u00bbresponsive\u00a0\u00bb][vc_column][vc_empty_space height=\u00a0\u00bb75px\u00a0\u00bb][vc_row_inner content_placement=\u00a0\u00bbtop\u00a0\u00bb][vc_column_inner width=\u00a0\u00bb1\/2&Prime; offset=\u00a0\u00bbvc_col-lg-offset-0 vc_col-lg-6 vc_col-md-offset-0 vc_col-md-6 vc_col-xs-offset-1 vc_col-xs-10&Prime;][vc_column_text]<\/p>\n<h1>LANGUES<\/h1>\n<p>[\/vc_column_text][\/vc_column_inner][vc_column_inner width=\u00a0\u00bb1\/2&Prime;][\/vc_column_inner][\/vc_row_inner][vc_empty_space height=\u00a0\u00bb30px\u00a0\u00bb][vc_row_inner content_placement=\u00a0\u00bbtop\u00a0\u00bb][vc_column_inner offset=\u00a0\u00bbvc_col-lg-offset-0 vc_col-lg-12 vc_col-md-offset-0 vc_col-md-6 vc_col-xs-offset-1 vc_col-xs-10&Prime;][vc_column_text el_class=\u00a0\u00bbcip-featured-text\u00a0\u00bb]Peu importe la langue cible.\u00a0Nos plus de 30 ans d\u2019exp\u00e9rience, certifi\u00e9s depuis 2003 par AENOR selon la norme ISO 9001:2015, avalisent notre capacit\u00e9 pour g\u00e9rer toute sorte de projet. Nous sommes \u00e0 votre disposition.<\/p>\n<p>[\/vc_column_text][vc_empty_space height=\u00a0\u00bb30px\u00a0\u00bb][\/vc_column_inner][\/vc_row_inner][vc_row_inner content_placement=\u00a0\u00bbtop\u00a0\u00bb][vc_column_inner width=\u00a0\u00bb5\/6&Prime; offset=\u00a0\u00bbvc_col-lg-offset-0 vc_col-lg-6 vc_col-md-offset-0 vc_col-md-6 vc_col-sm-offset-1 vc_col-xs-offset-1 vc_col-xs-10&Prime;][vc_column_text]<span class=\"cip-featured\">Langues europ\u00e9ennes:<\/span> anglais, fran\u00e7ais, allemand, espagnol, basque, catalan, galicien, italien, portugais, hollandais, danois, su\u00e9dois, finlandais, norv\u00e9gien, grec, russe, polonais, ch\u00e8que, slovaque, bulgare, roumain, slov\u00e8ne, croate, serbe, turc, bi\u00e9lorusse, ukrainien, lituanien, entre autres.[\/vc_column_text][vc_empty_space height=\u00a0\u00bb20px\u00a0\u00bb][\/vc_column_inner][vc_column_inner width=\u00a0\u00bb5\/6&Prime; offset=\u00a0\u00bbvc_col-lg-offset-0 vc_col-lg-6 vc_col-md-offset-0 vc_col-md-6 vc_col-sm-offset-1 vc_col-xs-offset-1 vc_col-xs-10&Prime;][vc_column_text]<span class=\"cip-featured\">Autres langues:\u00a0<\/span>arabe, h\u00e9breu, farsi, anglais am\u00e9ricain, fran\u00e7ais canadien, espagnol mexicain, espagnol latino-am\u00e9ricain, portugais br\u00e9silien, japonais, chinois, cor\u00e9en, tha\u00eflandais, indon\u00e9sien, malaisien, hindou, tagalog, vietnamien, entre autres.[\/vc_column_text][vc_empty_space height=\u00a0\u00bb20px\u00a0\u00bb][\/vc_column_inner][\/vc_row_inner][\/vc_column][\/vc_row][vc_row][vc_column][vc_empty_space height=\u00a0\u00bb70px\u00a0\u00bb][\/vc_column][\/vc_row]<\/p>\n","protected":false},"excerpt":{"rendered":"<p>[vc_row type=\u00a0\u00bbvc_default\u00a0\u00bb full_width=\u00a0\u00bbstretch_row_content_no_spaces\u00a0\u00bb equal_height=\u00a0\u00bbyes\u00a0\u00bb content_placement=\u00a0\u00bbtop\u00a0\u00bb full_width_row=\u00a0\u00bbtrue\u00a0\u00bb el_class=\u00a0\u00bbcip-services-header\u00a0\u00bb][vc_column css=\u00a0\u00bb.vc_custom_1502174084409{background-image: url(http:\/\/www.cipsl.com\/wp-content\/uploads\/2017\/03\/servicios-1.jpg?id=885) !important;background-position: center !important;background-repeat: no-repeat !important;background-size: cover !important;}\u00a0\u00bb offset=\u00a0\u00bbvc_col-lg-offset-0 vc_col-lg-4 vc_col-md-offset-0 vc_col-md-4 vc_col-sm-offset-0 vc_col-xs-12&Prime;][vc_row_inner content_placement=\u00a0\u00bbtop\u00a0\u00bb el_class=\u00a0\u00bbcipservices-margins\u00a0\u00bb][vc_column_inner width=\u00a0\u00bb1\/2&Prime;][\/vc_column_inner][vc_column_inner width=\u00a0\u00bb5\/6&Prime; offset=\u00a0\u00bbvc_col-md-offset-0 vc_col-md-6 vc_col-sm-offset-1 vc_col-xs-12&Prime;][vc_column_text el_class=\u00a0\u00bbcip-title-services\u00a0\u00bb] SERVICES [\/vc_column_text][\/vc_column_inner][\/vc_row_inner][\/vc_column][vc_column offset=\u00a0\u00bbvc_col-lg-offset-0 vc_col-lg-8 vc_col-md-offset-0 vc_col-md-8 vc_col-sm-offset-0 vc_col-xs-12&Prime;][vc_row_inner content_placement=\u00a0\u00bbtop\u00a0\u00bb el_class=\u00a0\u00bbcipservices-margins\u00a0\u00bb][vc_column_inner width=\u00a0\u00bb1\/6&Prime; offset=\u00a0\u00bbvc_hidden-md\u00a0\u00bb][\/vc_column_inner][vc_column_inner el_class=\u00a0\u00bbcipservices-padding-top\u00a0\u00bb width=\u00a0\u00bb5\/6&Prime; offset=\u00a0\u00bbvc_col-lg-offset-0 vc_col-lg-6 vc_col-md-offset-2 vc_col-md-8 vc_col-sm-offset-1 vc_col-xs-offset-1 vc_col-xs-10&Prime;][vc_column_text el_class=\u00a0\u00bbcip-featured-text\u00a0\u00bb] La communication&hellip;<\/p>\n","protected":false},"author":1,"featured_media":0,"parent":0,"menu_order":1,"comment_status":"closed","ping_status":"closed","template":"","meta":[],"_links":{"self":[{"href":"http:\/\/www.cipsl.com\/fr\/wp-json\/wp\/v2\/pages\/954\/"}],"collection":[{"href":"http:\/\/www.cipsl.com\/fr\/wp-json\/wp\/v2\/pages\/"}],"about":[{"href":"http:\/\/www.cipsl.com\/fr\/wp-json\/wp\/v2\/types\/page\/"}],"author":[{"embeddable":true,"href":"http:\/\/www.cipsl.com\/fr\/wp-json\/wp\/v2\/users\/1\/"}],"replies":[{"embeddable":true,"href":"http:\/\/www.cipsl.com\/fr\/wp-json\/wp\/v2\/comments\/?post=954"}],"version-history":[{"count":1,"href":"http:\/\/www.cipsl.com\/fr\/wp-json\/wp\/v2\/pages\/954\/revisions\/"}],"predecessor-version":[{"id":1862,"href":"http:\/\/www.cipsl.com\/fr\/wp-json\/wp\/v2\/pages\/954\/revisions\/1862\/"}],"wp:attachment":[{"href":"http:\/\/www.cipsl.com\/fr\/wp-json\/wp\/v2\/media\/?parent=954"}],"curies":[{"name":"wp","href":"https:\/\/api.w.org\/{rel}","templated":true}]}}