{"id":1267,"date":"2017-06-14T18:24:24","date_gmt":"2017-06-14T17:24:24","guid":{"rendered":"http:\/\/www.cipsl.com\/aviso-legal\/"},"modified":"2019-03-14T11:39:01","modified_gmt":"2019-03-14T10:39:01","slug":"avis-juridique","status":"publish","type":"page","link":"http:\/\/www.cipsl.com\/fr\/avis-juridique\/","title":{"rendered":"Avis juridique"},"content":{"rendered":"<p>[vc_row][vc_column][vc_empty_space height=\u00a0\u00bb75px\u00a0\u00bb][vc_column_text]<\/p>\n<h1>Aviso Legal<\/h1>\n<h4>En cumplimiento del art\u00edculo 10 de la Ley 34\/2002, de 11 de julio, de Servicios a la Sociedad de la Informaci\u00f3n y Comercio Electr\u00f3nico (en adelante LSSI), pasamos a indicar:<\/h4>\n<p>&nbsp;<\/p>\n<p>Titular de la p\u00e1gina web: CIP S.L. (en adelante \u201cCIP\u201d)<\/p>\n<p>Direcci\u00f3n:\u00a0Plaza Idoi, 8 bajo<\/p>\n<p>CP: 31192 Mutilva (Navarra)<\/p>\n<p>NIF: B31461668<\/p>\n<p>&nbsp;<\/p>\n<h3>Propiedad intelectual y responsabilidad sobre los contenidos<\/h3>\n<ol>\n<li>Queda prohibido cualquier uso de todos los contenidos de la p\u00e1gina web de CIP, concretamente, sobre los textos, dise\u00f1o, obras, marcas, logotipos, c\u00f3digo fuente y cualquier otro susceptible de protecci\u00f3n, sin la autorizaci\u00f3n expresa de sus titulares, salvo la posibilidad de compartir contenidos cuando CIP as\u00ed lo autorice. Cualquier uso no permitido ser\u00e1 debidamente perseguido por los leg\u00edtimos propietarios. Igualmente, todos los nombres comerciales, marcas o signos distintivos de cualquier clase contenidos en la p\u00e1gina web de CIP est\u00e1n protegidos por la ley.<\/li>\n<li>CIP no se hace responsable de los contenidos a los que se dirigen los enlaces ubicados en la p\u00e1gina web, en su caso, seg\u00fan lo establecido en el art\u00edculo 17 de la LSSI.<\/li>\n<li>CIP no concede ning\u00fan tipo de licencia o autorizaci\u00f3n de uso personal al Usuario sobre sus derechos de propiedad intelectual e industrial o sobre cualquier otro derecho relacionado con la p\u00e1gina web titularidad de CIP y los servicios ofrecidos en la misma. Por ello, el Usuario reconoce que la reproducci\u00f3n, distribuci\u00f3n, comercializaci\u00f3n, transformaci\u00f3n, y en general, cualquier otra forma de explotaci\u00f3n, por cualquier procedimiento, de todo o parte de los contenidos de esta p\u00e1gina web constituye una infracci\u00f3n de los derechos de propiedad intelectual y\/o industrial de la Compa\u00f1\u00eda o del titular de los mismos, pudiendo dar lugar al ejercicio por parte de CIP de todas las acciones judiciales o extrajudiciales que pudieran corresponder en ejercicio de sus derechos. Asimismo, la informaci\u00f3n a la que el Usuario puede acceder a trav\u00e9s de la p\u00e1gina web de CIP, puede estar protegida por derechos de propiedad industrial, intelectual o de otra \u00edndole. En consecuencia CIP no ser\u00e1 responsable en ning\u00fan caso y bajo ning\u00fan concepto de las infracciones que pueda cometer el Usuario en relaci\u00f3n con estos derechos.<\/li>\n<\/ol>\n<p>&nbsp;<\/p>\n<h3>Legislaci\u00f3n aplicable y jurisdicci\u00f3n competente<\/h3>\n<p>La presente pol\u00edtica legal queda sujeta a lo establecido en las leyes espa\u00f1olas. Para cualquier conflicto derivado de la interpretaci\u00f3n de las mismas, las partes se someten a la jurisdicci\u00f3n de los Tribunales de la ciudad de Pamplona, siempre que ello no sea contrario a lo dispuesto en el art\u00edculo 29 de la LSSI.<\/p>\n<p>&nbsp;<\/p>\n<h3>Condiciones de uso<\/h3>\n<p>El Usuario se compromete a utilizar la p\u00e1gina web, los contenidos y servicios de conformidad con la Ley, el presente Aviso Legal, las buenas costumbres y el orden p\u00fablico. Del mismo modo, el Usuario se obliga a no utilizar la p\u00e1gina web, sus contenidos o servicios que se presten a trav\u00e9s de \u00e9sta con fines o efectos il\u00edcitos, siendo contrarios a esta pol\u00edtica legal, o lesivos de intereses o derechos de terceros, o que de cualquier otra forma, pueda da\u00f1ar, inutilizar, hacer inaccesibles o deteriorar la p\u00e1gina web, sus contenidos o sus servicios o impedir un normal uso de la misma por parte de otros usuarios.<\/p>\n<p>Asimismo, el Usuario se compromete expresamente a no destruir, alterar, inutilizar o, de cualquier otra forma, da\u00f1ar los datos, programas o documentos electr\u00f3nicos que se encuentren en la p\u00e1gina web.<\/p>\n<p>&nbsp;<\/p>\n<h3>Condiciones particulares<\/h3>\n<p>Este Aviso Legal es de aplicaci\u00f3n para cualquier Usuario que acceda a la p\u00e1gina web titularidad de CIP.<\/p>\n<p>Los usuarios que entreguen sus datos personales para cualquiera de las funcionalidades de la p\u00e1gina web de CIP, deber\u00e1n aceptar la\u00a0<a href=\"http:\/\/www.cipsl.com\/fr\/politique-de-confidentialite\/\">Pol\u00edtica de Privacidad<\/a>.[\/vc_column_text][\/vc_column][\/vc_row]<\/p>\n","protected":false},"excerpt":{"rendered":"<p>[vc_row][vc_column][vc_empty_space height=\u00a0\u00bb75px\u00a0\u00bb][vc_column_text] Aviso Legal En cumplimiento del art\u00edculo 10 de la Ley 34\/2002, de 11 de julio, de Servicios a la Sociedad de la Informaci\u00f3n y Comercio Electr\u00f3nico (en adelante LSSI), pasamos a indicar: &nbsp; Titular de la p\u00e1gina web: CIP S.L. (en adelante \u201cCIP\u201d) Direcci\u00f3n:\u00a0Plaza Idoi, 8 bajo CP: 31192 Mutilva (Navarra) NIF: B31461668&hellip;<\/p>\n","protected":false},"author":1,"featured_media":0,"parent":0,"menu_order":0,"comment_status":"closed","ping_status":"closed","template":"","meta":[],"_links":{"self":[{"href":"http:\/\/www.cipsl.com\/fr\/wp-json\/wp\/v2\/pages\/1267\/"}],"collection":[{"href":"http:\/\/www.cipsl.com\/fr\/wp-json\/wp\/v2\/pages\/"}],"about":[{"href":"http:\/\/www.cipsl.com\/fr\/wp-json\/wp\/v2\/types\/page\/"}],"author":[{"embeddable":true,"href":"http:\/\/www.cipsl.com\/fr\/wp-json\/wp\/v2\/users\/1\/"}],"replies":[{"embeddable":true,"href":"http:\/\/www.cipsl.com\/fr\/wp-json\/wp\/v2\/comments\/?post=1267"}],"version-history":[{"count":1,"href":"http:\/\/www.cipsl.com\/fr\/wp-json\/wp\/v2\/pages\/1267\/revisions\/"}],"predecessor-version":[{"id":1876,"href":"http:\/\/www.cipsl.com\/fr\/wp-json\/wp\/v2\/pages\/1267\/revisions\/1876\/"}],"wp:attachment":[{"href":"http:\/\/www.cipsl.com\/fr\/wp-json\/wp\/v2\/media\/?parent=1267"}],"curies":[{"name":"wp","href":"https:\/\/api.w.org\/{rel}","templated":true}]}}