{"id":1289,"date":"2017-06-14T18:26:15","date_gmt":"2017-06-14T17:26:15","guid":{"rendered":"http:\/\/www.cipsl.com\/politica-de-cookies\/"},"modified":"2017-08-10T19:25:36","modified_gmt":"2017-08-10T18:25:36","slug":"cookies-policy","status":"publish","type":"page","link":"http:\/\/www.cipsl.com\/en\/cookies-policy\/","title":{"rendered":"Cookies policy"},"content":{"rendered":"<p>[vc_row][vc_column][vc_empty_space height=&#8221;75px&#8221;][vc_column_text]<\/p>\n<h1>Pol\u00edtica de cookies<\/h1>\n<h3>Utilizaci\u00f3n de Cookies en CIP S.L.<\/h3>\n<p>Las Cookies son ficheros enviados a un navegador por medio de un servidor web para registrar las actividades del usuario en una web determinada. La primera finalidad de las Cookies es la de facilitar al usuario un acceso m\u00e1s r\u00e1pido a las p\u00e1ginas seleccionadas.<\/p>\n<p>La web de CIP S.L.\u00a0utiliza Cookies para personalizar y facilitar al m\u00e1ximo la navegaci\u00f3n del usuario. Las Cookies se asocian \u00fanicamente a un usuario an\u00f3nimo y su ordenador y no proporcionan referencias que permitan deducir datos personales del usuario. El usuario podr\u00e1 configurar su navegador para que notifique y rechace la instalaci\u00f3n de las Cookies enviadas por la web de CIP S.L, sin que ello perjudique la posibilidad del usuario de acceder a los contenidos. Sin embargo, te hacemos notar que, en todo caso, la calidad de funcionamiento de la p\u00e1gina web puede disminuir.<\/p>\n<p>As\u00ed mismo, la web de CIP S.L\u00a0podr\u00e1 saber todos las p\u00e1ginas visitas\u00a0por los usuarios, de forma que podr\u00e1 facilitar u ofrecer informaci\u00f3n adecuada a los gustos y preferencias de cada usuario.<\/p>\n<p>&nbsp;<\/p>\n<h3>Tipolog\u00eda, finalidad y funcionamiento de las Cookies<\/h3>\n<p>Las Cookies, en funci\u00f3n de su permanencia, pueden dividirse en Cookies de sesi\u00f3n o permanentes. Las primeras expiran cuando el usuario cierra el navegador. Las segundas expiran en funci\u00f3n cuando se cumpla el objetivo para el que sirven (por ejemplo, para que el usuario se mantenga identificado en las p\u00e1ginas de\u00a0CIP S.L) o bien cuando se borran manualmente.<\/p>\n<p>Adicionalmente, en funci\u00f3n de su objetivo, las Cookies puedes clasificarse de la siguiente forma:<\/p>\n<p><strong>COOKIES DE RENDIMIENTO:<\/strong> Este tipo de Cookie recuerda tus preferencias para las herramientas que se encuentran en las p\u00e1ginas, por lo que no tienes que volver a configurarlo cada vez que la visitas. A modo de ejemplo, en esta tipolog\u00eda se incluyen:<\/p>\n<p style=\"padding-left: 30px;\">Ajustes de volumen de reproductores de v\u00eddeo o sonido.<\/p>\n<p style=\"padding-left: 30px;\">Las velocidades de transmisi\u00f3n de v\u00eddeo que sean compatibles con su navegador.<\/p>\n<p style=\"padding-left: 30px;\">Los objetos guardados en el \u201ccarrito de la compra\u201d en los Servicios de E-commerce tales como tiendas.<\/p>\n<p><strong>COOKIES DE GEO-LOCALIZACI\u00d3N:<\/strong> Estas Cookies son utilizadas para averiguar en qu\u00e9 pa\u00eds te encuentras cuando se navega por la web. Esta Cookie es totalmente an\u00f3nima, y s\u00f3lo se utiliza para ayudar a orientar el contenido a tu ubicaci\u00f3n.<\/p>\n<p><strong>COOKIES DE REGISTRO:<\/strong> Las Cookies de registro se generan una vez que el usuario se ha registrado o posteriormente ha abierto su sesi\u00f3n, y se utilizan para identificarle en las p\u00e1ginas con los siguientes objetivos:<\/p>\n<p style=\"padding-left: 30px;\">Mantener al usuario identificado de forma que, si cierra una p\u00e1gina, el navegador o el ordenador y en otro momento u otro d\u00eda vuelve a entrar en dicha p\u00e1gina, seguir\u00e1 identificado, facilitando as\u00ed su navegaci\u00f3n sin tener que volver a identificarse. Esta funcionalidad se puede suprimir si el usuario pulsa la funcionalidad \u201ccerrar sesi\u00f3n\u201d, de forma que esta Cookie se elimina y la pr\u00f3xima vez que entre en la p\u00e1gina el usuario tendr\u00e1 que iniciar sesi\u00f3n para estar identificado.<\/p>\n<p style=\"padding-left: 30px;\">Comprobar si el usuario est\u00e1 autorizado para acceder a ciertas p\u00e1ginas, por ejemplo, para participar en un concurso.<\/p>\n<p>Adicionalmente, algunas p\u00e1ginas pueden utilizar conectores con redes sociales tales como Facebook o Twitter. Cuando el usuario se registra en una p\u00e1gina con credenciales de una red social, autoriza a la red social a guardar una Cookie persistente que recuerda su identidad y le garantiza acceso a las p\u00e1ginas hasta que expira. El usuario puede borrar esta Cookie y revocar el acceso a las p\u00e1ginas mediante redes sociales actualizando sus preferencias en la red social que espec\u00edfica.<\/p>\n<p><strong>COOKIES DE ANAL\u00cdTICAS:<\/strong> Cada vez que un usuario visita una p\u00e1gina, una herramienta de un proveedor externo (en nuestro caso Google Analytics) genera una Cookie anal\u00edtica en el ordenador del usuario. Esta Cookie que s\u00f3lo se genera en la visita, servir\u00e1 en pr\u00f3ximas visitas a las p\u00e1ginas de\u00a0CIP S.L\u00a0para identificar de forma an\u00f3nima al visitante. Los objetivos principales que se persiguen son:<\/p>\n<p style=\"padding-left: 30px;\">Permitir la identificaci\u00f3n an\u00f3nima de los usuarios navegantes a trav\u00e9s de la \u201cCookie\u201d (identifica navegadores y dispositivos, no personas) y por lo tanto la contabilizaci\u00f3n aproximada del n\u00famero de visitantes y su tendencia en el tiempo.<\/p>\n<p style=\"padding-left: 30px;\">Identificar de forma an\u00f3nima los contenidos m\u00e1s visitados y por lo tanto m\u00e1s atractivos para los usuarios.<\/p>\n<p style=\"padding-left: 30px;\">Saber si el usuario que est\u00e1 accediendo es nuevo o repite visita.<\/p>\n<p>Importante: Salvo que el usuario decida registrarse en la web de\u00a0CIP S.L, la \u201cCookie\u201d nunca ir\u00e1 asociada a ning\u00fan dato de car\u00e1cter personal que pueda identificarle. Dichas Cookies s\u00f3lo ser\u00e1n utilizadas con prop\u00f3sitos estad\u00edsticos que ayuden a la optimizaci\u00f3n de la experiencia de los usuarios en el sitio.<\/p>\n<p>&nbsp;<\/p>\n<h3>C\u00f3mo deshabilitar las Cookies en los principales navegadores<\/h3>\n<p>Normalmente es posible dejar de aceptar las Cookies del navegador, o dejar de aceptar las Cookies de una p\u00e1gina en particular.<\/p>\n<p>Todos los navegadores modernos permiten cambiar la configuraci\u00f3n de Cookies. Estos ajustes normalmente se encuentra en las \u201cOpciones\u201d o \u201cPreferencias\u201d del men\u00fa de su navegador.<\/p>\n<p>La web de\u00a0CIP S.L\u00a0ofrecen orientaci\u00f3n al usuario sobre los pasos para acceder al men\u00fa de configuraci\u00f3n de las cookies y, en su caso, de la navegaci\u00f3n privada en cada uno de los navegadores principales:<\/p>\n<p>Internet Explorer: Herramientas -&gt; Opciones de Internet\u00a0-&gt; Privacidad\u00a0-&gt; Configuraci\u00f3n.<\/p>\n<p>Para m\u00e1s informaci\u00f3n, puede consultar el\u00a0<a href=\"http:\/\/windows.microsoft.com\/es-ES\/windows\/support\">soporte de Microsoft<\/a>\u00a0o la Ayuda del navegador.<\/p>\n<p style=\"padding-left: 30px;\"><strong>Firefox:<\/strong> Herramientas\u00a0-&gt; Opciones\u00a0-&gt; Privacidad\u00a0-&gt; Historial\u00a0-&gt; Configuraci\u00f3n Personalizada.<\/p>\n<p style=\"padding-left: 30px;\">Para m\u00e1s informaci\u00f3n, puede consultar el\u00a0<a href=\"http:\/\/support.mozilla.org\/es\/home\">soporte de Mozilla<\/a>\u00a0o la Ayuda del navegador.<\/p>\n<p style=\"padding-left: 30px;\"><strong>Chrome:<\/strong> Configuraci\u00f3n\u00a0-&gt; Mostrar opciones avanzadas\u00a0-&gt; Privacidad\u00a0-&gt; Configuraci\u00f3n de contenido.<\/p>\n<p style=\"padding-left: 30px;\">Para m\u00e1s informaci\u00f3n, puede consultar el\u00a0<a href=\"http:\/\/support.google.com\/chrome\/?hl=es\">soporte de Google<\/a>\u00a0o la Ayuda del navegador.<\/p>\n<p style=\"padding-left: 30px;\"><strong>Safari:<\/strong> Preferencias\u00a0-&gt; Seguridad.<\/p>\n<p style=\"padding-left: 30px;\">Para m\u00e1s informaci\u00f3n, puede consultar el\u00a0<a href=\"http:\/\/www.apple.com\/es\/support\/safari\/\">soporte de Apple<\/a>\u00a0o la Ayuda del navegador.<\/p>\n<p>&nbsp;<\/p>\n<h3>Qu\u00e9 ocurre si se deshabilitan las Cookies<\/h3>\n<p>Algunas funcionalidades de las p\u00e1ginas quedar\u00e1n deshabilitadas como, por ejemplo, permanecer\u00a0 identificado, mantener las compras en el \u201ccarrito de la compra\u201d en una p\u00e1gina de e-commerce, recibir informaci\u00f3n dirigida a su localizaci\u00f3n o la visualizaci\u00f3n de algunos v\u00eddeos.<\/p>\n<p>&nbsp;<\/p>\n<h3>Actualizaci\u00f3n y cambios en la Pol\u00edtica de Cookies<\/h3>\n<p>La web de CIP S.L puede modificar esta Pol\u00edtica de Cookies en funci\u00f3n de exigencias legislativas, reglamentarias, o con la finalidad de adaptar dicha pol\u00edtica a las instrucciones dictadas por la Agencia Espa\u00f1ola de Protecci\u00f3n de Datos, por ello se aconseja a los usuarios que la visiten peri\u00f3dicamente.<\/p>\n<p>Cuando se produzcan cambios significativos en esta Pol\u00edtica de Cookies, se comunicar\u00e1n a los usuarios mediante la web.[\/vc_column_text][vc_empty_space height=&#8221;75px&#8221;][\/vc_column][\/vc_row]<\/p>\n","protected":false},"excerpt":{"rendered":"<p>[vc_row][vc_column][vc_empty_space height=&#8221;75px&#8221;][vc_column_text] Pol\u00edtica de cookies Utilizaci\u00f3n de Cookies en CIP S.L. Las Cookies son ficheros enviados a un navegador por medio de un servidor web para registrar las actividades del usuario en una web determinada. La primera finalidad de las Cookies es la de facilitar al usuario un acceso m\u00e1s r\u00e1pido a las p\u00e1ginas seleccionadas.&hellip;<\/p>\n","protected":false},"author":1,"featured_media":0,"parent":0,"menu_order":0,"comment_status":"closed","ping_status":"closed","template":"","meta":[],"_links":{"self":[{"href":"http:\/\/www.cipsl.com\/en\/wp-json\/wp\/v2\/pages\/1289\/"}],"collection":[{"href":"http:\/\/www.cipsl.com\/en\/wp-json\/wp\/v2\/pages\/"}],"about":[{"href":"http:\/\/www.cipsl.com\/en\/wp-json\/wp\/v2\/types\/page\/"}],"author":[{"embeddable":true,"href":"http:\/\/www.cipsl.com\/en\/wp-json\/wp\/v2\/users\/1\/"}],"replies":[{"embeddable":true,"href":"http:\/\/www.cipsl.com\/en\/wp-json\/wp\/v2\/comments\/?post=1289"}],"version-history":[{"count":0,"href":"http:\/\/www.cipsl.com\/en\/wp-json\/wp\/v2\/pages\/1289\/revisions\/"}],"wp:attachment":[{"href":"http:\/\/www.cipsl.com\/en\/wp-json\/wp\/v2\/media\/?parent=1289"}],"curies":[{"name":"wp","href":"https:\/\/api.w.org\/{rel}","templated":true}]}}