{"id":1280,"date":"2017-06-14T18:25:19","date_gmt":"2017-06-14T17:25:19","guid":{"rendered":"http:\/\/www.cipsl.com\/politica-de-privacidad\/"},"modified":"2017-08-10T19:22:02","modified_gmt":"2017-08-10T18:22:02","slug":"privacy-policy","status":"publish","type":"page","link":"http:\/\/www.cipsl.com\/en\/privacy-policy\/","title":{"rendered":"Privacy policy"},"content":{"rendered":"<p>[vc_row][vc_column][vc_empty_space height=&#8221;75px&#8221;][vc_column_text]<\/p>\n<h1>Pol\u00edtica de privacidad web<\/h1>\n<p>&nbsp;<\/p>\n<ol>\n<li><b>CIP Centro de Idiomas para Profesionales, S.L.<\/b> (en adelante, \u201cCIP\u201d), informa a los usuarios de que respeta la legislaci\u00f3n vigente en materia de protecci\u00f3n de datos personales, la privacidad de los usuarios y el secreto y seguridad de los datos, adoptando para ello las medidas t\u00e9cnicas y organizativas necesarias para evitar la p\u00e9rdida, mal uso, alteraci\u00f3n, acceso no autorizado y robo de los datos personales facilitados, habida cuenta del estado de la tecnolog\u00eda, la naturaleza de los datos y los riesgos a los que est\u00e1n expuestos.<\/li>\n<li>Los servicios, acceso a los contenidos y oferta de productos de esta web est\u00e1 exclusivamente dirigida a mayores de 18 a\u00f1os, por lo que cualquier persona que facilite sus datos personales, manifiesta tener dicha edad, quedando prohibido el uso de <b>www.cipsl.com<\/b> y la entrega de datos personales a personas menores de edad.<\/li>\n<li>Tratar\u00e1 los datos de conformidad con los principios de calidad exigidos por la Ley Org\u00e1nica 15\/1999, de 13 de diciembre de Protecci\u00f3n de Datos (LOPD), de forma confidencial y con las medidas de seguridad exigidas por el Real Decreto 1720\/2007, de 21 de diciembre, por el que se aprueba el Reglamento de desarrollo de la Ley Org\u00e1nica 15\/1999, de 13 de diciembre, de protecci\u00f3n de datos de car\u00e1cter personal (RLOPD).<\/li>\n<li>Los datos de car\u00e1cter personal que se faciliten en la Web, quedar\u00e1n registrados en un fichero titularidad de CIP debidamente declarado e inscrito en el Registro General de Protecci\u00f3n de Datos, con la finalidad de llevar a cabo la prestaci\u00f3n de los servicios ofrecidos, as\u00ed como, para enviar por cualquier medio, incluido el correo electr\u00f3nico, ofertas de productos y servicios de CIP, mejorar la relaci\u00f3n comercial y gestionar las peticiones realizadas por nuestros clientes.<\/li>\n<li>El simple hecho de que el Usuario env\u00ede sus datos personales a CIP, aceptando esta Pol\u00edtica de Privacidad, supondr\u00e1 el consentimiento del Usuario para su incorporaci\u00f3n al fichero y su correspondiente tratamiento.\u00a0Asimismo queda Usted informado de que sus datos personales ser\u00e1n cedidos a los traductores pertinentes con la \u00fanica finalidad de que puedan enviarle sus presupuestos y, en su caso, prestarle el servicio de traducci\u00f3n.<\/li>\n<li>El Usuario podr\u00e1 revocar el consentimiento prestado, sin que tenga efectos retroactivos, y ejercer los derechos de acceso, rectificaci\u00f3n, cancelaci\u00f3n y oposici\u00f3n dirigi\u00e9ndose mediante carta adjuntando fotocopia de su DNI u otro documento identificativo a CIP, Plaza Idoi, 8 bajo, 31192 Mutilva.<\/li>\n<li>El Usuario garantiza que los datos personales facilitados a CIP son veraces y se hace responsable de comunicar cualquier modificaci\u00f3n de los mismos para que, en todo momento respondan a su situaci\u00f3n actual.<\/li>\n<li>Si tiene cualquier duda o comentario sobre la forma en que CIP utiliza los datos de sus usuarios, escr\u00edbanos un email.<\/li>\n<\/ol>\n<p>[\/vc_column_text][\/vc_column][\/vc_row]<\/p>\n","protected":false},"excerpt":{"rendered":"<p>[vc_row][vc_column][vc_empty_space height=&#8221;75px&#8221;][vc_column_text] Pol\u00edtica de privacidad web &nbsp; CIP Centro de Idiomas para Profesionales, S.L. (en adelante, \u201cCIP\u201d), informa a los usuarios de que respeta la legislaci\u00f3n vigente en materia de protecci\u00f3n de datos personales, la privacidad de los usuarios y el secreto y seguridad de los datos, adoptando para ello las medidas t\u00e9cnicas y organizativas&hellip;<\/p>\n","protected":false},"author":1,"featured_media":0,"parent":0,"menu_order":0,"comment_status":"closed","ping_status":"closed","template":"","meta":[],"_links":{"self":[{"href":"http:\/\/www.cipsl.com\/en\/wp-json\/wp\/v2\/pages\/1280\/"}],"collection":[{"href":"http:\/\/www.cipsl.com\/en\/wp-json\/wp\/v2\/pages\/"}],"about":[{"href":"http:\/\/www.cipsl.com\/en\/wp-json\/wp\/v2\/types\/page\/"}],"author":[{"embeddable":true,"href":"http:\/\/www.cipsl.com\/en\/wp-json\/wp\/v2\/users\/1\/"}],"replies":[{"embeddable":true,"href":"http:\/\/www.cipsl.com\/en\/wp-json\/wp\/v2\/comments\/?post=1280"}],"version-history":[{"count":0,"href":"http:\/\/www.cipsl.com\/en\/wp-json\/wp\/v2\/pages\/1280\/revisions\/"}],"wp:attachment":[{"href":"http:\/\/www.cipsl.com\/en\/wp-json\/wp\/v2\/media\/?parent=1280"}],"curies":[{"name":"wp","href":"https:\/\/api.w.org\/{rel}","templated":true}]}}