{"id":986,"date":"2017-06-01T03:27:15","date_gmt":"2017-06-01T02:27:15","guid":{"rendered":"http:\/\/www.cipsl.com\/interpretacion\/"},"modified":"2019-03-13T20:35:01","modified_gmt":"2019-03-13T19:35:01","slug":"dolmetschen","status":"publish","type":"page","link":"http:\/\/www.cipsl.com\/de\/dolmetschen\/","title":{"rendered":"Dolmetschen"},"content":{"rendered":"<p>[vc_row type=&#8220;vc_default&#8220; content_placement=&#8220;middle&#8220;][vc_column][vc_row_inner el_class=&#8220;cip-subservices&#8220;][vc_column_inner offset=&#8220;vc_col-lg-offset-0 vc_col-lg-12 vc_col-md-offset-1 vc_col-md-10 vc_col-xs-offset-1 vc_col-xs-10&#8243;][vc_column_text]<\/p>\n<h1>DOLMETSCHEN<\/h1>\n<p>[\/vc_column_text][vc_empty_space height=&#8220;70px&#8220;][\/vc_column_inner][\/vc_row_inner][vc_row_inner][vc_column_inner width=&#8220;5\/6&#8243; offset=&#8220;vc_col-lg-offset-0 vc_col-lg-6 vc_col-md-offset-1 vc_col-md-10 vc_col-sm-offset-1 vc_col-xs-offset-1 vc_col-xs-10&#8243;][vc_column_text el_class=&#8220;cip-featured-text&#8220;]<\/p>\n<h3>Hatten Sie noch nie den Eindruck, Ihren Gespr\u00e4chspartner nicht 100-prozentig zu verstehen? Oder dass bestimmte Details in einer Besprechung nicht eindeutig her\u00fcbergekommen sind?<\/h3>\n<div class=\"gap\" style=\"line-height: 20px; height: 20px;\"><\/div>\n<p>Schlie\u03b2en Sie solche Situationen aus! Vermeiden Sie Missverst\u00e4ndnisse. [\/vc_column_text][\/vc_column_inner][vc_column_inner width=&#8220;5\/6&#8243; offset=&#8220;vc_col-lg-offset-0 vc_col-lg-6 vc_col-md-offset-1 vc_col-md-10 vc_col-sm-offset-1 vc_col-xs-offset-1 vc_col-xs-10&#8243;][vc_column_text el_class=&#8220;cip-featured-text&#8220;]Nicht klar gebliebene Einzelheiten k\u00f6nnen Ihre Gewinnspanne bei einem Gesch\u00e4ft, einem Vertrag oder einer Verhandlung aufs Spiel setzen. Unser Dolmetscherteam stellt nicht nur einen direkten Draht zu Ihren Gespr\u00e4chspartnern her, sondern dar\u00fcber hinaus garantiert seine Erfahrung einen z\u00fcgigeren Fortschritt Ihrer Verhandlungen. Sie werden erstaunt sein, wie schnell und weit Sie gemeinsam mit uns gelangen.[\/vc_column_text][\/vc_column_inner][\/vc_row_inner][vc_empty_space height=&#8220;70px&#8220;][vc_row_inner el_id=&#8220;cipsl-interpretacion&#8220;][vc_column_inner el_class=&#8220;block-technical&#8220; width=&#8220;1\/3&#8243; offset=&#8220;vc_col-lg-offset-0 vc_col-lg-4 vc_col-md-offset-1 vc_col-md-3 vc_col-xs-offset-1 vc_col-xs-10&#8243;][vc_column_text]<strong>Gesch\u00e4ftsf\u00fchrung und Finanzen<\/strong>[\/vc_column_text][vc_empty_space height=&#8220;30px&#8220;][vc_column_text]Besprechungen auf h\u00f6chster Ebene<br \/>\nVertrauliche Gesellschaftsverhandlungen<br \/>\nVertragsverhandlungen<br \/>\nInternationale<br \/>\nArbeitsbesprechungen[\/vc_column_text][\/vc_column_inner][vc_column_inner el_class=&#8220;block-technical&#8220; width=&#8220;1\/3&#8243; offset=&#8220;vc_col-lg-offset-0 vc_col-lg-4 vc_col-md-offset-1 vc_col-md-3 vc_col-xs-offset-1 vc_col-xs-10&#8243;][vc_column_text]<strong>Marketing und Vertrieb<\/strong>[\/vc_column_text][vc_empty_space height=&#8220;30px&#8220;][vc_column_text]Gesch\u00e4ftsreisen, Kunden-\/Lieferantenbesuche<br \/>\nGesch\u00e4ftsbesprechungen<br \/>\nVerhandlungen mit Kunden\/Lieferanten<br \/>\nMessen, \u00f6ffentliche Markteinf\u00fchrungen<br \/>\nPr\u00e4sentationen, Vortr\u00e4ge<br \/>\nTelefonate mit ausl\u00e4ndischen Kunden\/Lieferanten[\/vc_column_text][\/vc_column_inner][vc_column_inner el_class=&#8220;block-technical&#8220; width=&#8220;1\/3&#8243; offset=&#8220;vc_col-lg-offset-0 vc_col-lg-4 vc_col-md-offset-1 vc_col-md-3 vc_col-xs-offset-1 vc_col-xs-10&#8243;][vc_column_text]<strong>Technik und Qualit\u00e4t<\/strong>[\/vc_column_text][vc_empty_space height=&#8220;30px&#8220;][vc_column_text]Technische Besuche f\u00fcr Freigaben oder Abnahmen<br \/>\nKauf von technischen Anlagen bei ausl\u00e4ndischen Herstellern<br \/>\nTechnische Schulungen an neuen Anlagen ausl\u00e4ndischer Hersteller[\/vc_column_text][\/vc_column_inner][\/vc_row_inner][vc_empty_space height=&#8220;30px&#8220;][vc_row_inner][vc_column_inner el_class=&#8220;block-technical&#8220; width=&#8220;1\/2&#8243; offset=&#8220;vc_col-lg-offset-0 vc_col-lg-6 vc_col-md-offset-1 vc_col-md-10 vc_col-xs-offset-1 vc_col-xs-10&#8243;][vc_column_text]<strong>Konferenzen, Kurse und Veranstaltungen<\/strong>[\/vc_column_text][vc_empty_space height=&#8220;30px&#8220;][vc_column_text]Konferenzdolmetscher (simultan und konsekutiv)<br \/>\nVermietung von Kabinen und mobilen Systemen (Infoport)[\/vc_column_text][\/vc_column_inner][vc_column_inner width=&#8220;1\/2&#8243;][\/vc_column_inner][\/vc_row_inner][vc_empty_space height=&#8220;60px&#8220;][\/vc_column][\/vc_row][vc_row type=&#8220;vc_default&#8220; full_width=&#8220;stretch_row_content_no_spaces&#8220; content_placement=&#8220;top&#8220; margin_top=&#8220;0&#8243; margin_bottom=&#8220;0&#8243; full_width_row=&#8220;true&#8220; padding_left=&#8220;0&#8243; padding_right=&#8220;0&#8243; bg_type=&#8220;bg_color&#8220; bg_override=&#8220;full&#8220; ult_hide_row=&#8220;ult_hide_row_value&#8220; ult_hide_row_tablet_small=&#8220;xs_tablet&#8220; ult_hide_row_mobile=&#8220;mobile&#8220; ult_hide_row_mobile_large=&#8220;xl_mobile&#8220; mcw_fp_auto_height=&#8220;responsive&#8220; min_height=&#8220;60px&#8220; css=&#8220;.vc_custom_1498422152491{margin-bottom: 0px !important;padding-right: 30px !important;padding-left: 30px !important;}&#8220; el_class=&#8220;footer-services&#8220;][vc_column width=&#8220;3\/12&#8243;][vc_row_inner equal_height=&#8220;yes&#8220; content_placement=&#8220;middle&#8220;][vc_column_inner][\/vc_column_inner][\/vc_row_inner][\/vc_column][vc_column width=&#8220;9\/12&#8243;][vc_row_inner equal_height=&#8220;yes&#8220; content_placement=&#8220;middle&#8220;][vc_column_inner width=&#8220;11\/12&#8243;][vc_raw_html el_class=&#8220;menu-services-de&#8220;]JTNDdWwlM0UlMEElM0NsaSUzRSUzQ2ElMjBocmVmJTNEJTIyaHR0cCUzQSUyRiUyRnd3dy5jaXBzbC5jb20lMkZkZSUyRnViZXJzZXR6dW5nJTIyJTIwdGFyZ2V0JTNEJTIyX3NlbGYlMjIlM0UlQzMlOUNiZXJzZXR6dW5nJTNDJTJGYSUzRSUzQyUyRmxpJTNFJTBBJTNDbGklM0UlM0NhJTIwaHJlZiUzRCUyMmh0dHAlM0ElMkYlMkZ3d3cuY2lwc2wuY29tJTJGZGUlMkZkb2xtZXRzY2hlbiUyRiUyMiUyMHRhcmdldCUzRCUyMl9zZWxmJTIyJTNFRG9sbWV0c2NoZW4lM0MlMkZhJTNFJTNDJTJGbGklM0UlMEElM0NsaSUzRSUzQ2ElMjBocmVmJTNEJTIyaHR0cCUzQSUyRiUyRnd3dy5jaXBzbC5jb20lMkZkZSUyRmJlZ2xhdWJpZ3RlLXViZXJzZXR6dW5nJTIyJTIwdGFyZ2V0JTNEJTIyX3NlbGYlMjIlM0VCZWdsYXViaWd0ZSUyMCVDMyVCQ2JlcnNldHp1bmclM0MlMkZhJTNFJTNDJTJGbGklM0UlMEElM0NsaSUzRSUzQ2ElMjBocmVmJTNEJTIyaHR0cCUzQSUyRiUyRnd3dy5jaXBzbC5jb20lMkZkZSUyRnNvbnN0aWdlLXNwcmFjaGRpZW5zdGxlaXN0dW5nZW4lMkYlMjIlMjB0YXJnZXQlM0QlMjJfc2VsZiUyMiUzRVNPTlNUSUdFJTIwRElFTlNUTEVJU1RVTkdFTiUzQyUyRmElM0UlM0MlMkZsaSUzRSUwQSUzQyUyRnVsJTNF[\/vc_raw_html][\/vc_column_inner][vc_column_inner el_class=&#8220;button-subservices&#8220; width=&#8220;1\/12&#8243;][vc_icon icon_fontawesome=&#8220;fa fa-ellipsis-h&#8220; color=&#8220;custom&#8220; background_style=&#8220;boxed&#8220; background_color=&#8220;white&#8220; align=&#8220;right&#8220; custom_color=&#8220;#191c31&#8243; el_id=&#8220;showToggle&#8220;][\/vc_column_inner][\/vc_row_inner][\/vc_column][\/vc_row][vc_row type=&#8220;vc_default&#8220; bg_type=&#8220;bg_color&#8220; bg_override=&#8220;full&#8220; ult_hide_row=&#8220;ult_hide_row_value&#8220; ult_hide_row_large_screen=&#8220;large_screen&#8220; ult_hide_row_desktop=&#8220;desktop&#8220; ult_hide_row_tablet=&#8220;tablet&#8220;][vc_column offset=&#8220;vc_col-lg-offset-0 vc_col-lg-12 vc_hidden-lg vc_col-md-offset-1 vc_col-md-10 vc_col-xs-offset-1 vc_col-xs-10&#8243;][vc_widget_sidebar show_bg=&#8220;false&#8220; sidebar_id=&#8220;sidebar_6&#8243;][\/vc_column][\/vc_row][vc_row][vc_column][vc_empty_space height=&#8220;50px&#8220;][\/vc_column][\/vc_row]<\/p>\n","protected":false},"excerpt":{"rendered":"<p>[vc_row type=&#8220;vc_default&#8220; content_placement=&#8220;middle&#8220;][vc_column][vc_row_inner el_class=&#8220;cip-subservices&#8220;][vc_column_inner offset=&#8220;vc_col-lg-offset-0 vc_col-lg-12 vc_col-md-offset-1 vc_col-md-10 vc_col-xs-offset-1 vc_col-xs-10&#8243;][vc_column_text] DOLMETSCHEN [\/vc_column_text][vc_empty_space height=&#8220;70px&#8220;][\/vc_column_inner][\/vc_row_inner][vc_row_inner][vc_column_inner width=&#8220;5\/6&#8243; offset=&#8220;vc_col-lg-offset-0 vc_col-lg-6 vc_col-md-offset-1 vc_col-md-10 vc_col-sm-offset-1 vc_col-xs-offset-1 vc_col-xs-10&#8243;][vc_column_text el_class=&#8220;cip-featured-text&#8220;] Hatten Sie noch nie den Eindruck, Ihren Gespr\u00e4chspartner nicht 100-prozentig zu verstehen? Oder dass bestimmte Details in einer Besprechung nicht eindeutig her\u00fcbergekommen sind? Schlie\u03b2en Sie solche Situationen aus! Vermeiden Sie Missverst\u00e4ndnisse. [\/vc_column_text][\/vc_column_inner][vc_column_inner width=&#8220;5\/6&#8243;&hellip;<\/p>\n","protected":false},"author":1,"featured_media":0,"parent":0,"menu_order":0,"comment_status":"closed","ping_status":"closed","template":"","meta":[],"_links":{"self":[{"href":"http:\/\/www.cipsl.com\/de\/wp-json\/wp\/v2\/pages\/986\/"}],"collection":[{"href":"http:\/\/www.cipsl.com\/de\/wp-json\/wp\/v2\/pages\/"}],"about":[{"href":"http:\/\/www.cipsl.com\/de\/wp-json\/wp\/v2\/types\/page\/"}],"author":[{"embeddable":true,"href":"http:\/\/www.cipsl.com\/de\/wp-json\/wp\/v2\/users\/1\/"}],"replies":[{"embeddable":true,"href":"http:\/\/www.cipsl.com\/de\/wp-json\/wp\/v2\/comments\/?post=986"}],"version-history":[{"count":1,"href":"http:\/\/www.cipsl.com\/de\/wp-json\/wp\/v2\/pages\/986\/revisions\/"}],"predecessor-version":[{"id":1861,"href":"http:\/\/www.cipsl.com\/de\/wp-json\/wp\/v2\/pages\/986\/revisions\/1861\/"}],"wp:attachment":[{"href":"http:\/\/www.cipsl.com\/de\/wp-json\/wp\/v2\/media\/?parent=986"}],"curies":[{"name":"wp","href":"https:\/\/api.w.org\/{rel}","templated":true}]}}