{"id":978,"date":"2017-06-01T01:53:23","date_gmt":"2017-06-01T00:53:23","guid":{"rendered":"http:\/\/www.cipsl.com\/traduccion\/"},"modified":"2019-03-13T22:13:53","modified_gmt":"2019-03-13T21:13:53","slug":"ubersetzung","status":"publish","type":"page","link":"http:\/\/www.cipsl.com\/de\/ubersetzung\/","title":{"rendered":"\u00dcbersetzung"},"content":{"rendered":"<p>[vc_row type=&#8220;vc_default&#8220; content_placement=&#8220;top&#8220;][vc_column width=&#8220;5\/6&#8243; offset=&#8220;vc_col-lg-offset-0 vc_col-lg-12 vc_col-md-offset-0 vc_col-md-12 vc_col-sm-offset-1 vc_col-xs-offset-1 vc_col-xs-10&#8243;][vc_row_inner content_placement=&#8220;top&#8220; el_class=&#8220;cip-subservices&#8220;][vc_column_inner offset=&#8220;vc_col-lg-offset-0 vc_col-lg-12 vc_col-md-offset-0 vc_col-md-12 vc_col-sm-offset-0 vc_col-xs-12&#8243;][vc_column_text]<\/p>\n<h1>\u00dcBERSETZUNG<\/h1>\n<p>[\/vc_column_text][vc_empty_space height=&#8220;65px&#8220;][\/vc_column_inner][\/vc_row_inner][vc_row_inner][vc_column_inner offset=&#8220;vc_col-lg-offset-0 vc_col-lg-6 vc_col-md-offset-0 vc_col-md-12 vc_col-sm-offset-0 vc_col-xs-12&#8243;][vc_column_text]<\/p>\n<h3>Ein funktionsf\u00e4higes, vollst\u00e4ndiges, konsequentes und koh\u00e4rentes Dokumentationssystem bildet eine grundlegende Voraussetzung f\u00fcr den Vertrieb Ihrer Produkte im Ausland.<\/h3>\n<p>[\/vc_column_text][vc_empty_space height=&#8220;15px&#8220;][\/vc_column_inner][vc_column_inner offset=&#8220;vc_col-lg-offset-0 vc_col-lg-6 vc_col-md-offset-0 vc_col-md-12 vc_col-sm-offset-0 vc_col-xs-12&#8243;][vc_column_text el_class=&#8220;cip-featured-text&#8220;]Gleich welches Produkt erfordert eine umfassende Dokumentation in der Sprache des Ziellandes. Seien Sie Ihrer Konkurrenz immer einen Schritt voraus![\/vc_column_text][\/vc_column_inner][\/vc_row_inner][vc_empty_space height=&#8220;65px&#8220;][vc_row_inner][vc_column_inner el_class=&#8220;block-technical&#8220; offset=&#8220;vc_col-lg-offset-0 vc_col-lg-4 vc_col-md-offset-0 vc_col-md-6 vc_col-sm-offset-0 vc_col-xs-12&#8243;][vc_column_text]<strong>Technische Abteilung, I+D, Qualit\u00e4t<\/strong>[\/vc_column_text][vc_empty_space height=&#8220;30px&#8220;][vc_column_text]Betriebsanweisungen\/Handb\u00fccher<br \/>\nDokumentationssysteme<br \/>\nTeilekataloge<br \/>\nErsatzteilkataloge<br \/>\nISO-Verfahren<br \/>\nDIN, UNE, ISO-Normen<br \/>\nTechnische Zeichnungen<br \/>\nQualit\u00e4tszertifikate<br \/>\nTechnische Berichte<br \/>\nTechnische Kostenvoranschl\u00e4ge<br \/>\nFirmenspezifische Glossare<br \/>\nPatente<br \/>\nPackungsbeilagen (PL)<br \/>\nSpezifische Produktmerkmale (SPC)<br \/>\nCompliance Dokumentation<br \/>\nArztberichte<br \/>\nOP-Technik[\/vc_column_text][vc_empty_space height=&#8220;25px&#8220;][\/vc_column_inner][vc_column_inner el_class=&#8220;block-technical&#8220; offset=&#8220;vc_col-lg-offset-0 vc_col-lg-4 vc_col-md-offset-0 vc_col-md-6 vc_col-sm-offset-0 vc_col-xs-12&#8243;][vc_column_text]<strong>Gesch\u00e4ftsf\u00fchrung, Rechtsabteilung, Finanzen<\/strong>[\/vc_column_text][vc_empty_space height=&#8220;30px&#8220;][vc_column_text]Gesellschaftsvertr\u00e4ge<br \/>\nVertr\u00e4ge und Vereinbarungen<br \/>\nBilanzen, Jahresberichte<br \/>\nWirtschaftspr\u00fcfungen, Berichte<br \/>\nWirtschaftsanalysen[\/vc_column_text][vc_empty_space height=&#8220;25px&#8220;][\/vc_column_inner][vc_column_inner offset=&#8220;vc_col-lg-offset-0 vc_col-lg-4 vc_col-md-offset-0 vc_hidden-md vc_col-sm-offset-0 vc_col-xs-12&#8243;][vc_column_text]<strong>Marketing und Vertrieb<\/strong>[\/vc_column_text][vc_empty_space height=&#8220;30px&#8220;][vc_column_text]Werbetexte<br \/>\nProduktkataloge<br \/>\nWEBsites<br \/>\nMarketingkonzepte<br \/>\nFirmenpr\u00e4senz im Internet<br \/>\nProduktbeschreibungen<br \/>\nBauzertifizierungen<br \/>\nGesch\u00e4ftsvertr\u00e4ge[\/vc_column_text][vc_empty_space height=&#8220;25px&#8220;][\/vc_column_inner][\/vc_row_inner][vc_empty_space height=&#8220;70px&#8220;][vc_row_inner][vc_column_inner el_class=&#8220;block-technical&#8220; offset=&#8220;vc_col-lg-offset-0 vc_col-lg-6 vc_hidden-lg vc_col-md-offset-0 vc_col-md-12 vc_col-sm-offset-0 vc_hidden-sm vc_col-xs-offset-1 vc_col-xs-10 vc_hidden-xs&#8220;][vc_column_text]<strong>Marketing und Vertrieb<\/strong>[\/vc_column_text][vc_empty_space height=&#8220;30px&#8220;][vc_column_text]Werbetexte<br \/>\nProduktkataloge<br \/>\nWEBsites<br \/>\nMarketingkonzepte<br \/>\nFirmenpr\u00e4senz im Internet<br \/>\nProduktbeschreibungen<br \/>\nBauzertifizierungen<br \/>\nGesch\u00e4ftsvertr\u00e4ge[\/vc_column_text][\/vc_column_inner][\/vc_row_inner][vc_empty_space height=&#8220;70px&#8220;][\/vc_column][\/vc_row][vc_row type=&#8220;vc_default&#8220; full_width=&#8220;stretch_row_content_no_spaces&#8220; content_placement=&#8220;top&#8220; margin_top=&#8220;0&#8243; margin_bottom=&#8220;0&#8243; full_width_row=&#8220;true&#8220; padding_left=&#8220;0&#8243; padding_right=&#8220;0&#8243; bg_type=&#8220;bg_color&#8220; bg_override=&#8220;full&#8220; ult_hide_row=&#8220;ult_hide_row_value&#8220; ult_hide_row_tablet_small=&#8220;xs_tablet&#8220; ult_hide_row_mobile=&#8220;mobile&#8220; ult_hide_row_mobile_large=&#8220;xl_mobile&#8220; mcw_fp_auto_height=&#8220;responsive&#8220; min_height=&#8220;60px&#8220; css=&#8220;.vc_custom_1498422596849{margin-bottom: 0px !important;padding-right: 30px !important;padding-left: 30px !important;}&#8220; el_class=&#8220;footer-services&#8220;][vc_column width=&#8220;3\/12&#8243;][vc_row_inner equal_height=&#8220;yes&#8220; content_placement=&#8220;middle&#8220;][vc_column_inner][\/vc_column_inner][\/vc_row_inner][\/vc_column][vc_column width=&#8220;9\/12&#8243;][vc_row_inner equal_height=&#8220;yes&#8220; content_placement=&#8220;middle&#8220;][vc_column_inner el_class=&#8220;menu-services-animation&#8220; width=&#8220;11\/12&#8243;][vc_raw_html el_class=&#8220;menu-services-de&#8220;]JTNDdWwlM0UlMEElM0NsaSUzRSUzQ2ElMjBocmVmJTNEJTIyaHR0cCUzQSUyRiUyRnd3dy5jaXBzbC5jb20lMkZkZSUyRnViZXJzZXR6dW5nJTIyJTIwdGFyZ2V0JTNEJTIyX3NlbGYlMjIlM0UlQzMlOUNiZXJzZXR6dW5nJTNDJTJGYSUzRSUzQyUyRmxpJTNFJTBBJTNDbGklM0UlM0NhJTIwaHJlZiUzRCUyMmh0dHAlM0ElMkYlMkZ3d3cuY2lwc2wuY29tJTJGZGUlMkZkb2xtZXRzY2hlbiUyRiUyMiUyMHRhcmdldCUzRCUyMl9zZWxmJTIyJTNFRG9sbWV0c2NoZW4lM0MlMkZhJTNFJTNDJTJGbGklM0UlMEElM0NsaSUzRSUzQ2ElMjBocmVmJTNEJTIyaHR0cCUzQSUyRiUyRnd3dy5jaXBzbC5jb20lMkZkZSUyRmJlZ2xhdWJpZ3RlLXViZXJzZXR6dW5nJTIyJTIwdGFyZ2V0JTNEJTIyX3NlbGYlMjIlM0VCZWdsYXViaWd0ZSUyMCVDMyVCQ2JlcnNldHp1bmclM0MlMkZhJTNFJTNDJTJGbGklM0UlMEElM0NsaSUzRSUzQ2ElMjBocmVmJTNEJTIyaHR0cCUzQSUyRiUyRnd3dy5jaXBzbC5jb20lMkZkZSUyRnNvbnN0aWdlLXNwcmFjaGRpZW5zdGxlaXN0dW5nZW4lMkYlMjIlMjB0YXJnZXQlM0QlMjJfc2VsZiUyMiUzRVNPTlNUSUdFJTIwRElFTlNUTEVJU1RVTkdFTiUzQyUyRmElM0UlM0MlMkZsaSUzRSUwQSUzQyUyRnVsJTNF[\/vc_raw_html][\/vc_column_inner][vc_column_inner el_class=&#8220;button-subservices&#8220; width=&#8220;1\/12&#8243;][vc_icon icon_fontawesome=&#8220;fa fa-ellipsis-h&#8220; color=&#8220;custom&#8220; background_style=&#8220;boxed&#8220; background_color=&#8220;white&#8220; align=&#8220;right&#8220; custom_color=&#8220;#191c31&#8243; el_id=&#8220;showmenu&#8220;][\/vc_column_inner][\/vc_row_inner][\/vc_column][\/vc_row][vc_row type=&#8220;vc_default&#8220; bg_type=&#8220;bg_color&#8220; bg_override=&#8220;full&#8220; ult_hide_row=&#8220;ult_hide_row_value&#8220; ult_hide_row_large_screen=&#8220;large_screen&#8220; ult_hide_row_desktop=&#8220;desktop&#8220; ult_hide_row_tablet=&#8220;tablet&#8220;][vc_column offset=&#8220;vc_col-lg-offset-0 vc_col-lg-12 vc_hidden-lg vc_col-md-offset-1 vc_col-md-10 vc_col-xs-offset-1 vc_col-xs-10&#8243;][vc_widget_sidebar show_bg=&#8220;false&#8220; sidebar_id=&#8220;sidebar_6&#8243;][\/vc_column][\/vc_row][vc_row][vc_column][vc_empty_space height=&#8220;50px&#8220;][\/vc_column][\/vc_row]<\/p>\n","protected":false},"excerpt":{"rendered":"<p>[vc_row type=&#8220;vc_default&#8220; content_placement=&#8220;top&#8220;][vc_column width=&#8220;5\/6&#8243; offset=&#8220;vc_col-lg-offset-0 vc_col-lg-12 vc_col-md-offset-0 vc_col-md-12 vc_col-sm-offset-1 vc_col-xs-offset-1 vc_col-xs-10&#8243;][vc_row_inner content_placement=&#8220;top&#8220; el_class=&#8220;cip-subservices&#8220;][vc_column_inner offset=&#8220;vc_col-lg-offset-0 vc_col-lg-12 vc_col-md-offset-0 vc_col-md-12 vc_col-sm-offset-0 vc_col-xs-12&#8243;][vc_column_text] \u00dcBERSETZUNG [\/vc_column_text][vc_empty_space height=&#8220;65px&#8220;][\/vc_column_inner][\/vc_row_inner][vc_row_inner][vc_column_inner offset=&#8220;vc_col-lg-offset-0 vc_col-lg-6 vc_col-md-offset-0 vc_col-md-12 vc_col-sm-offset-0 vc_col-xs-12&#8243;][vc_column_text] Ein funktionsf\u00e4higes, vollst\u00e4ndiges, konsequentes und koh\u00e4rentes Dokumentationssystem bildet eine grundlegende Voraussetzung f\u00fcr den Vertrieb Ihrer Produkte im Ausland. [\/vc_column_text][vc_empty_space height=&#8220;15px&#8220;][\/vc_column_inner][vc_column_inner offset=&#8220;vc_col-lg-offset-0 vc_col-lg-6 vc_col-md-offset-0 vc_col-md-12 vc_col-sm-offset-0 vc_col-xs-12&#8243;][vc_column_text el_class=&#8220;cip-featured-text&#8220;]Gleich&hellip;<\/p>\n","protected":false},"author":1,"featured_media":0,"parent":0,"menu_order":0,"comment_status":"closed","ping_status":"closed","template":"","meta":[],"_links":{"self":[{"href":"http:\/\/www.cipsl.com\/de\/wp-json\/wp\/v2\/pages\/978\/"}],"collection":[{"href":"http:\/\/www.cipsl.com\/de\/wp-json\/wp\/v2\/pages\/"}],"about":[{"href":"http:\/\/www.cipsl.com\/de\/wp-json\/wp\/v2\/types\/page\/"}],"author":[{"embeddable":true,"href":"http:\/\/www.cipsl.com\/de\/wp-json\/wp\/v2\/users\/1\/"}],"replies":[{"embeddable":true,"href":"http:\/\/www.cipsl.com\/de\/wp-json\/wp\/v2\/comments\/?post=978"}],"version-history":[{"count":1,"href":"http:\/\/www.cipsl.com\/de\/wp-json\/wp\/v2\/pages\/978\/revisions\/"}],"predecessor-version":[{"id":1870,"href":"http:\/\/www.cipsl.com\/de\/wp-json\/wp\/v2\/pages\/978\/revisions\/1870\/"}],"wp:attachment":[{"href":"http:\/\/www.cipsl.com\/de\/wp-json\/wp\/v2\/media\/?parent=978"}],"curies":[{"name":"wp","href":"https:\/\/api.w.org\/{rel}","templated":true}]}}