{"id":955,"date":"2017-03-13T09:42:35","date_gmt":"2017-03-13T09:42:35","guid":{"rendered":"http:\/\/www.cipsl.com\/servicios\/"},"modified":"2019-03-13T20:45:58","modified_gmt":"2019-03-13T19:45:58","slug":"dienstleistungen","status":"publish","type":"page","link":"http:\/\/www.cipsl.com\/de\/dienstleistungen\/","title":{"rendered":"Dienstleistungen"},"content":{"rendered":"<p>[vc_row type=&#8220;vc_default&#8220; full_width=&#8220;stretch_row_content_no_spaces&#8220; equal_height=&#8220;yes&#8220; content_placement=&#8220;top&#8220; full_width_row=&#8220;true&#8220; bg_type=&#8220;bg_color&#8220; bg_override=&#8220;full&#8220; el_class=&#8220;cip-services-header&#8220;][vc_column css=&#8220;.vc_custom_1505035412747{background-image: url(http:\/\/www.cipsl.com\/wp-content\/uploads\/2017\/03\/servicios-1.jpg?id=885) !important;background-position: center !important;background-repeat: no-repeat !important;background-size: cover !important;}&#8220; offset=&#8220;vc_col-lg-offset-0 vc_col-lg-5 vc_col-md-offset-0 vc_col-md-6 vc_col-sm-offset-0 vc_col-xs-12&#8243;][vc_row_inner content_placement=&#8220;top&#8220; el_class=&#8220;cipservices-margins&#8220;][vc_column_inner width=&#8220;1\/2&#8243; offset=&#8220;vc_col-lg-offset-0 vc_col-lg-3 vc_col-md-offset-0 vc_col-md-3 vc_hidden-sm vc_hidden-xs&#8220;][\/vc_column_inner][vc_column_inner width=&#8220;5\/6&#8243; offset=&#8220;vc_col-lg-offset-0 vc_col-lg-9 vc_col-md-offset-0 vc_col-md-9 vc_col-sm-offset-1 vc_col-xs-12&#8243;][vc_column_text el_class=&#8220;cip-title-services&#8220;]<\/p>\n<h1 style=\"text-align: left;\"><span style=\"color: #ffffff;\">DIENSTLEISTUNGEN<\/span><\/h1>\n<p>[\/vc_column_text][\/vc_column_inner][\/vc_row_inner][\/vc_column][vc_column offset=&#8220;vc_col-lg-offset-0 vc_col-lg-7 vc_col-md-offset-0 vc_col-md-6 vc_col-sm-offset-0 vc_col-xs-12&#8243;][vc_row_inner content_placement=&#8220;top&#8220; el_class=&#8220;cipservices-margins&#8220;][vc_column_inner width=&#8220;1\/6&#8243; offset=&#8220;vc_hidden-md&#8220;][\/vc_column_inner][vc_column_inner el_class=&#8220;cipservices-padding-top&#8220; width=&#8220;5\/6&#8243; offset=&#8220;vc_col-lg-offset-0 vc_col-lg-6 vc_col-md-offset-2 vc_col-md-8 vc_col-sm-offset-1 vc_col-xs-offset-1 vc_col-xs-10&#8243;][vc_column_text el_class=&#8220;cip-featured-text&#8220;]<\/p>\n<h3>Die internationale Kommunikation bildet heutzutage den Grundpfeiler aller Unternehmen. Eine reibungslose Verst\u00e4ndigung, ohne Missverst\u00e4ndnisse, garantiert den Erfolg Ihrer unternehmerischen Aktivit\u00e4ten.<\/h3>\n<p>[\/vc_column_text][vc_empty_space height=&#8220;30px&#8220;][vc_column_text el_class=&#8220;cip-featured-text&#8220;]CIP Idiomas, bietet Ihnen die optimalen Werkzeuge, um klar und ohne Zweideutigkeiten mit Ihren Kunden und Lieferanten zu kommunizieren.<\/p>\n<p>Ein jedes Missverst\u00e4ndnis kann Sie teuer zu stehen kommen.<\/p>\n<p>Beauftragen Sie uns mit der Abwicklung Ihrer Telefonate oder E-Mails mit ausl\u00e4ndischen Kunden\/Lieferanten und mit der \u00dcbersetzung Ihrer Dokumentationen in die Sprachen der Ziell\u00e4nder. Seien Sie Ihren Konkurrenten immer einen Schritt voraus, um Ihre Ziele schneller zu erreichen.[\/vc_column_text][\/vc_column_inner][vc_column_inner width=&#8220;2\/6&#8243;][\/vc_column_inner][\/vc_row_inner][\/vc_column][\/vc_row][vc_row type=&#8220;vc_default&#8220; full_width=&#8220;stretch_row_content_no_spaces&#8220; content_placement=&#8220;top&#8220; full_width_row=&#8220;true&#8220; padding_left=&#8220;0&#8243; padding_right=&#8220;0&#8243; mcw_fp_auto_height=&#8220;responsive&#8220;][vc_column][vc_row_inner content_placement=&#8220;middle&#8220;][vc_column_inner el_class=&#8220;cip-services-box cip-services-box-de-1&#8243; width=&#8220;1\/2&#8243; offset=&#8220;vc_col-lg-offset-0 vc_col-lg-3 vc_col-md-offset-0 vc_col-md-6 vc_col-sm-offset-0 vc_col-xs-12&#8243;]<div id=\"highlight-box-wrap-4040\"  data-ultimate-target='#highlight-box-wrap-4040'  data-responsive-json-new='{\"font-size\":\"desktop:32px;\",\"line-height\":\"\"}'  class=\"ultimate-call-to-action ult-adjust-bottom-margin  ctaction-text-center ult-responsive\" style=\"font-weight:normal;color:#ffffff;background:#191c31;padding-top:130px;padding-bottom:130px;padding-left:20px;padding-right:20px;\"  data-background=\"#191c31\"  data-background-hover=\"#191c31\"  data-override=\"0\" ><div class=\"uvc-ctaction-data uvc-ctaction-data-no-effect ult-responsive\"><\/p>\n<h5><span style=\"color: #ffffff;\">\u00dcBERSETZUNG<\/span><\/h5>\n<p><\/div><a class=\"ulimate-call-to-action-link\" href=\"http:\/\/www.cipsl.com\/de\/ubersetzung\/\" ><\/a><\/div>[\/vc_column_inner][vc_column_inner el_class=&#8220;cip-services-box cip-services-box-de-2&#8243; width=&#8220;1\/2&#8243; offset=&#8220;vc_col-lg-offset-0 vc_col-lg-3 vc_col-md-offset-0 vc_col-md-6 vc_col-sm-offset-0 vc_col-xs-12&#8243;]<div id=\"highlight-box-wrap-8531\"  data-ultimate-target='#highlight-box-wrap-8531'  data-responsive-json-new='{\"font-size\":\"desktop:32px;\",\"line-height\":\"\"}'  class=\"ultimate-call-to-action ult-adjust-bottom-margin  ctaction-text-center ult-responsive\" style=\"font-weight:normal;color:#ffffff;background:#191c31;padding-top:130px;padding-bottom:130px;padding-left:20px;padding-right:20px;\"  data-background=\"#191c31\"  data-background-hover=\"#191c31\"  data-override=\"0\" ><div class=\"uvc-ctaction-data uvc-ctaction-data-no-effect ult-responsive\"><\/p>\n<h5><span style=\"color: #ffffff;\">DOLMETSCHERSERVICE<\/span><\/h5>\n<p><\/div><a class=\"ulimate-call-to-action-link\" href=\"http:\/\/www.cipsl.com\/de\/dolmetschen\/\" ><\/a><\/div>[\/vc_column_inner][vc_column_inner el_class=&#8220;cip-services-box cip-services-box-de-3&#8243; width=&#8220;1\/2&#8243; offset=&#8220;vc_col-lg-offset-0 vc_col-lg-3 vc_col-md-offset-0 vc_col-md-6 vc_col-sm-offset-0 vc_col-xs-12&#8243;]<div id=\"highlight-box-wrap-8207\"  data-ultimate-target='#highlight-box-wrap-8207'  data-responsive-json-new='{\"font-size\":\"desktop:32px;\",\"line-height\":\"\"}'  class=\"ultimate-call-to-action ult-adjust-bottom-margin  ctaction-text-center ult-responsive\" style=\"font-weight:normal;color:#ffffff;background:#191c31;padding-top:130px;padding-bottom:130px;padding-left:20px;padding-right:20px;\"  data-background=\"#191c31\"  data-background-hover=\"#191c31\"  data-override=\"0\" ><div class=\"uvc-ctaction-data uvc-ctaction-data-no-effect ult-responsive\"><\/p>\n<h5><span style=\"color: #ffffff;\">BEGLAUBIGTE \u00dcBERSETZUNG<\/span><\/h5>\n<p><\/div><a class=\"ulimate-call-to-action-link\" href=\"http:\/\/www.cipsl.com\/de\/beglaubigte-uebersetzung\/\" ><\/a><\/div>[\/vc_column_inner][vc_column_inner el_class=&#8220;cip-services-box cip-services-box-de-4&#8243; width=&#8220;1\/2&#8243; offset=&#8220;vc_col-lg-offset-0 vc_col-lg-3 vc_col-md-offset-0 vc_col-md-6 vc_col-sm-offset-0 vc_col-xs-12&#8243;]<div id=\"highlight-box-wrap-2490\"  data-ultimate-target='#highlight-box-wrap-2490'  data-responsive-json-new='{\"font-size\":\"desktop:32px;\",\"line-height\":\"\"}'  class=\"ultimate-call-to-action ult-adjust-bottom-margin  ctaction-text-center ult-responsive\" style=\"font-weight:normal;color:#ffffff;background:#191c31;padding-top:130px;padding-bottom:130px;padding-left:20px;padding-right:20px;\"  data-background=\"#191c31\"  data-background-hover=\"#191c31\"  data-override=\"0\" ><div class=\"uvc-ctaction-data uvc-ctaction-data-no-effect ult-responsive\"><\/p>\n<h5><span style=\"color: #ffffff;\">SONSTIGE<br \/>\nDIENSTLEISTUNGEN<\/span><\/h5>\n<p><\/div><a class=\"ulimate-call-to-action-link\" href=\"http:\/\/www.cipsl.com\/de\/sonstige-sprachdienstleistungen\/\" ><\/a><\/div>[\/vc_column_inner][\/vc_row_inner][\/vc_column][\/vc_row][vc_row type=&#8220;vc_default&#8220; content_placement=&#8220;top&#8220; mcw_fp_auto_height=&#8220;responsive&#8220;][vc_column][vc_empty_space height=&#8220;75px&#8220;][vc_row_inner content_placement=&#8220;top&#8220;][vc_column_inner width=&#8220;5\/6&#8243; offset=&#8220;vc_col-lg-offset-0 vc_col-lg-6 vc_col-md-offset-0 vc_col-md-12 vc_col-sm-offset-1 vc_col-xs-offset-1 vc_col-xs-10&#8243;][vc_column_text]<\/p>\n<h1>SPRACHEN<\/h1>\n<p>[\/vc_column_text][\/vc_column_inner][vc_column_inner width=&#8220;1\/2&#8243;][\/vc_column_inner][\/vc_row_inner][vc_empty_space height=&#8220;30px&#8220;][vc_row_inner content_placement=&#8220;top&#8220;][vc_column_inner width=&#8220;5\/6&#8243; offset=&#8220;vc_col-lg-offset-0 vc_col-lg-12 vc_col-md-offset-0 vc_col-md-12 vc_col-sm-offset-1 vc_col-xs-offset-1 vc_col-xs-10&#8243;][vc_column_text el_class=&#8220;cip-featured-text&#8220;]Ganz gleich welche Zielsprache, unsere \u00fcber 30-j\u00e4hrige Erfahrung und die seit 2003 nach ISO 9001:2015 von AENOR zertifizierte Qualit\u00e4t b\u00fcrgen f\u00fcr unsere Expertise bei der Abwicklung s\u00e4mtlicher Projekte. Wir stehen Ihnen jederzeit gern zur Verf\u00fcgung.[\/vc_column_text][vc_empty_space height=&#8220;30px&#8220;][\/vc_column_inner][\/vc_row_inner][vc_row_inner content_placement=&#8220;top&#8220;][vc_column_inner width=&#8220;5\/6&#8243; offset=&#8220;vc_col-lg-offset-0 vc_col-lg-6 vc_col-md-offset-0 vc_col-md-6 vc_col-sm-offset-1 vc_col-xs-offset-1 vc_col-xs-10&#8243;][vc_column_text]<span class=\"cip-featured\">Europ\u00e4ische Sprachen:<\/span> Englisch, Franz\u00f6sisch, Deutsch, Spanisch, Baskisch, Katalanisch, Gallizisch, Italienisch, Portugiesisch, Holl\u00e4ndisch, D\u00e4nisch, Schwedisch, Finnisch, Norwegisch, Griechisch, Russisch, Polnisch, Tschechisch, Slovakisch, Bulgarisch, Rum\u00e4nisch, Slowenisch, Kroatisch, Serbisch, T\u00fcrkisch, Wei\u03b2russisch, Ukrainisch, Lituanisch usw.[\/vc_column_text][vc_empty_space height=&#8220;20px&#8220;][\/vc_column_inner][vc_column_inner width=&#8220;5\/6&#8243; offset=&#8220;vc_col-lg-offset-0 vc_col-lg-6 vc_col-md-offset-0 vc_col-md-6 vc_col-sm-offset-1 vc_col-xs-offset-1 vc_col-xs-10&#8243;][vc_column_text]<span class=\"cip-featured\">Andere Sprachen:\u00a0<\/span>Arabisch, Hebr\u00e4isch, Farsi, amerikanisches Englisch, kanadisches Franz\u00f6sisch, mexikanisches Spanisch, lateinamerikanisches Spanisch, brasilianisches Portugiesisch, Japanisch, Chinesisch, Koreanisch, Thai, Indonesisch, Malaysisch, Hindi, Tagalog, Vietnamesisch usw.[\/vc_column_text][vc_empty_space height=&#8220;20px&#8220;][\/vc_column_inner][\/vc_row_inner][\/vc_column][\/vc_row][vc_row][vc_column][vc_empty_space height=&#8220;70px&#8220;][\/vc_column][\/vc_row]<\/p>\n","protected":false},"excerpt":{"rendered":"<p>[vc_row type=&#8220;vc_default&#8220; full_width=&#8220;stretch_row_content_no_spaces&#8220; equal_height=&#8220;yes&#8220; content_placement=&#8220;top&#8220; full_width_row=&#8220;true&#8220; bg_type=&#8220;bg_color&#8220; bg_override=&#8220;full&#8220; el_class=&#8220;cip-services-header&#8220;][vc_column css=&#8220;.vc_custom_1505035412747{background-image: url(http:\/\/www.cipsl.com\/wp-content\/uploads\/2017\/03\/servicios-1.jpg?id=885) !important;background-position: center !important;background-repeat: no-repeat !important;background-size: cover !important;}&#8220; offset=&#8220;vc_col-lg-offset-0 vc_col-lg-5 vc_col-md-offset-0 vc_col-md-6 vc_col-sm-offset-0 vc_col-xs-12&#8243;][vc_row_inner content_placement=&#8220;top&#8220; el_class=&#8220;cipservices-margins&#8220;][vc_column_inner width=&#8220;1\/2&#8243; offset=&#8220;vc_col-lg-offset-0 vc_col-lg-3 vc_col-md-offset-0 vc_col-md-3 vc_hidden-sm vc_hidden-xs&#8220;][\/vc_column_inner][vc_column_inner width=&#8220;5\/6&#8243; offset=&#8220;vc_col-lg-offset-0 vc_col-lg-9 vc_col-md-offset-0 vc_col-md-9 vc_col-sm-offset-1 vc_col-xs-12&#8243;][vc_column_text el_class=&#8220;cip-title-services&#8220;] DIENSTLEISTUNGEN [\/vc_column_text][\/vc_column_inner][\/vc_row_inner][\/vc_column][vc_column offset=&#8220;vc_col-lg-offset-0 vc_col-lg-7 vc_col-md-offset-0 vc_col-md-6 vc_col-sm-offset-0 vc_col-xs-12&#8243;][vc_row_inner content_placement=&#8220;top&#8220; el_class=&#8220;cipservices-margins&#8220;][vc_column_inner width=&#8220;1\/6&#8243; offset=&#8220;vc_hidden-md&#8220;][\/vc_column_inner][vc_column_inner el_class=&#8220;cipservices-padding-top&#8220; width=&#8220;5\/6&#8243;&hellip;<\/p>\n","protected":false},"author":1,"featured_media":0,"parent":0,"menu_order":1,"comment_status":"closed","ping_status":"closed","template":"","meta":[],"_links":{"self":[{"href":"http:\/\/www.cipsl.com\/de\/wp-json\/wp\/v2\/pages\/955\/"}],"collection":[{"href":"http:\/\/www.cipsl.com\/de\/wp-json\/wp\/v2\/pages\/"}],"about":[{"href":"http:\/\/www.cipsl.com\/de\/wp-json\/wp\/v2\/types\/page\/"}],"author":[{"embeddable":true,"href":"http:\/\/www.cipsl.com\/de\/wp-json\/wp\/v2\/users\/1\/"}],"replies":[{"embeddable":true,"href":"http:\/\/www.cipsl.com\/de\/wp-json\/wp\/v2\/comments\/?post=955"}],"version-history":[{"count":1,"href":"http:\/\/www.cipsl.com\/de\/wp-json\/wp\/v2\/pages\/955\/revisions\/"}],"predecessor-version":[{"id":1865,"href":"http:\/\/www.cipsl.com\/de\/wp-json\/wp\/v2\/pages\/955\/revisions\/1865\/"}],"wp:attachment":[{"href":"http:\/\/www.cipsl.com\/de\/wp-json\/wp\/v2\/media\/?parent=955"}],"curies":[{"name":"wp","href":"https:\/\/api.w.org\/{rel}","templated":true}]}}