{"id":1898,"date":"2021-04-29T12:12:20","date_gmt":"2021-04-29T10:12:20","guid":{"rendered":"http:\/\/www.cipsl.com\/?page_id=1898"},"modified":"2021-04-29T12:17:30","modified_gmt":"2021-04-29T10:17:30","slug":"politica-de-calidad","status":"publish","type":"page","link":"http:\/\/www.cipsl.com\/de\/politica-de-calidad\/","title":{"rendered":"Pol\u00edtica de calidad"},"content":{"rendered":"<p>[vc_row][vc_column][vc_empty_space height=&#8220;75px&#8220;][vc_column_text]<\/p>\n<h1>Pol\u00edtica de calidad<\/h1>\n<p>La Gesti\u00f3n de la Calidad es prioritaria a todas las actividades de <strong>C.I.P.<\/strong> con la que establece un compromiso.<\/p>\n<p>El objetivo de <strong>C.I.P.<\/strong> es lograr la satisfacci\u00f3n de los grupos de inter\u00e9s en la prestaci\u00f3n de los servicios de traducci\u00f3n e interpretaci\u00f3n de alem\u00e1n, espa\u00f1ol, franc\u00e9s, ingl\u00e9s, italiano, neerland\u00e9s, portugu\u00e9s y a la gesti\u00f3n de la traducci\u00f3n e interpretaci\u00f3n del resto de idiomas del mundo, as\u00ed como a los servicios especializados de consultor\u00eda en comercio exterior e internacionalizaci\u00f3n corporativa.<\/p>\n<p>El desarrollo de este objetivo se logra por el trabajo en equipo de todos los integrantes de la empresa que consideran la Calidad como en elemento fundamental para la realizaci\u00f3n de su trabajo.<\/p>\n<p>Los requisitos de los clientes, comunicados a toda la empresa, se respetan en todo el proceso de la prestaci\u00f3n del servicio, en su expedici\u00f3n y en su entrega.<\/p>\n<p><strong>C.I.P.<\/strong> conociendo la influencia de sus profesionales subcontratados en la Calidad de los servicios a sus clientes, establece las v\u00edas de comunicaci\u00f3n adecuadas, que deben recorrerse conjuntamente.<\/p>\n<p><strong>C.I.P.<\/strong> apuesta por la \u00fanica v\u00eda que lleva a la competitividad y al liderazgo en el mercado, que es la mejora continua.<\/p>\n<p>Existe un compromiso de <strong>C.I.P.<\/strong> del cumplimiento de la legislaci\u00f3n actual y venidera.<\/p>\n<p>Los procesos y los procedimientos implantados, conducen a sistematizar los trabajos, de forma de realizarlos bien y a la primera.<\/p>\n<p>Esta pol\u00edtica, objetivos y acciones, se reflejan en la documentaci\u00f3n del Sistema de Gesti\u00f3n de la Calidad.<\/p>\n<p>La Pol\u00edtica de la Calidad se revisa, se da a conocer y a entender a todos los niveles de C.I.P. por medio de comunicaciones firmadas por Direcci\u00f3n General.<\/p>\n<p><strong>Petra Schwab<\/strong><br \/>\n<strong>Direcci\u00f3n General<\/strong><\/p>\n<p>6\u00aa Revisi\u00f3n (Abril 2021)[\/vc_column_text][\/vc_column][\/vc_row]<\/p>\n","protected":false},"excerpt":{"rendered":"<p>[vc_row][vc_column][vc_empty_space height=&#8220;75px&#8220;][vc_column_text] Pol\u00edtica de calidad La Gesti\u00f3n de la Calidad es prioritaria a todas las actividades de C.I.P. con la que establece un compromiso. El objetivo de C.I.P. es lograr la satisfacci\u00f3n de los grupos de inter\u00e9s en la prestaci\u00f3n de los servicios de traducci\u00f3n e interpretaci\u00f3n de alem\u00e1n, espa\u00f1ol, franc\u00e9s, ingl\u00e9s, italiano, neerland\u00e9s, portugu\u00e9s&hellip;<\/p>\n","protected":false},"author":1,"featured_media":0,"parent":0,"menu_order":0,"comment_status":"closed","ping_status":"closed","template":"","meta":[],"_links":{"self":[{"href":"http:\/\/www.cipsl.com\/de\/wp-json\/wp\/v2\/pages\/1898\/"}],"collection":[{"href":"http:\/\/www.cipsl.com\/de\/wp-json\/wp\/v2\/pages\/"}],"about":[{"href":"http:\/\/www.cipsl.com\/de\/wp-json\/wp\/v2\/types\/page\/"}],"author":[{"embeddable":true,"href":"http:\/\/www.cipsl.com\/de\/wp-json\/wp\/v2\/users\/1\/"}],"replies":[{"embeddable":true,"href":"http:\/\/www.cipsl.com\/de\/wp-json\/wp\/v2\/comments\/?post=1898"}],"version-history":[{"count":2,"href":"http:\/\/www.cipsl.com\/de\/wp-json\/wp\/v2\/pages\/1898\/revisions\/"}],"predecessor-version":[{"id":1901,"href":"http:\/\/www.cipsl.com\/de\/wp-json\/wp\/v2\/pages\/1898\/revisions\/1901\/"}],"wp:attachment":[{"href":"http:\/\/www.cipsl.com\/de\/wp-json\/wp\/v2\/media\/?parent=1898"}],"curies":[{"name":"wp","href":"https:\/\/api.w.org\/{rel}","templated":true}]}}